{"id":679,"date":"2025-06-30T16:31:04","date_gmt":"2025-06-30T16:31:04","guid":{"rendered":"https:\/\/lotosleasing.com\/terms-and-conditions-4\/"},"modified":"2025-06-30T16:31:08","modified_gmt":"2025-06-30T16:31:08","slug":"terms-and-conditions-4","status":"publish","type":"page","link":"https:\/\/lotosleasing.com\/tr\/terms-and-conditions-4\/","title":{"rendered":"\u015eartlar ve Ko\u015fullar"},"content":{"rendered":"<div data-elementor-type=\"wp-page\" data-elementor-id=\"679\" class=\"elementor elementor-679\">\n\t\t\t\t<div class=\"elementor-element elementor-element-vktqm7tb twbb_section e-con-boxed e-flex e-con e-parent\" data-id=\"vktqm7tb\" data-element_type=\"container\">\n\t\t\t\t\t<div class=\"e-con-inner\">\n\t\t\t\t<div class=\"elementor-element elementor-element-oyg11ggk elementor-widget__width-initial elementor-widget-mobile__width-inherit elementor-widget-tablet__width-initial elementor-invisible elementor-widget elementor-widget-heading\" data-id=\"oyg11ggk\" data-element_type=\"widget\" data-settings=\"{&quot;_animation&quot;:&quot;fadeInUp&quot;}\" data-widget_type=\"heading.default\">\n\t\t\t\t<div class=\"elementor-widget-container\">\n\t\t\t\t\t<h1 class=\"elementor-heading-title elementor-size-default\">\u015eartlar ve Ko\u015fullar<\/h1>\t\t\t\t<\/div>\n\t\t\t\t<\/div>\n\t\t\t\t\t<\/div>\n\t\t\t\t<\/div>\n\t\t<div class=\"elementor-element elementor-element-a9u1uen3 twbb_section e-con-boxed e-flex e-con e-parent\" data-id=\"a9u1uen3\" data-element_type=\"container\">\n\t\t\t\t\t<div class=\"e-con-inner\">\n\t\t\t\t<div class=\"elementor-element elementor-element-yr95acz0 elementor-widget__width-initial elementor-widget-mobile__width-inherit elementor-widget-tablet__width-initial elementor-invisible elementor-widget elementor-widget-text-editor\" data-id=\"yr95acz0\" data-element_type=\"widget\" data-settings=\"{&quot;_animation&quot;:&quot;fadeInUp&quot;}\" data-widget_type=\"text-editor.default\">\n\t\t\t\t<div class=\"elementor-widget-container\">\n\t\t\t\t\t\t\t\t\t<p><b>Lotos Leasing H\u00fck\u00fcm ve Ko\u015fullar\u0131<\/b><\/p>\n\n<p><b>Y\u00fcr\u00fcrl\u00fck Tarihi:<\/b> 26 Ekim 2023<\/p>\n\n<p>Bu H\u00fck\u00fcm ve Ko\u015fullar Lotos Leasing hizmetlerini ve web sitesini kullan\u0131m\u0131n\u0131z\u0131 y\u00f6netir. Hizmetlerimize eri\u015ferek veya hizmetlerimizi kullanarak, bu \u015fartlara tabi olmay\u0131 kabul etmi\u015f olursunuz.<\/p>\n\n<p><b>1. \u015eartlar\u0131n Kabul Edilmesi<\/b><\/p>\n<p>Hizmetlerimizi kullanarak, bu H\u00fck\u00fcm ve Ko\u015fullar\u0131 okudu\u011funuzu, anlad\u0131\u011f\u0131n\u0131z\u0131 ve bunlara ba\u011fl\u0131 kalmay\u0131 kabul etti\u011finizi onaylam\u0131\u015f olursunuz. Bu \u015fartlar\u0131 kabul etmiyorsan\u0131z, hizmetlerimizi kullanmamal\u0131s\u0131n\u0131z.<\/p>\n\n<p><b>2. Sunulan Hizmetler<\/b><\/p>\n<p>Lotos Leasing, Rusya'n\u0131n Arktik b\u00f6lgesinde faaliyet g\u00f6steren petrol ve gaz \u015firketlerine makine ve ekipman kiralama hizmetleri sunmaktad\u0131r.  Belirli hizmetler aras\u0131nda, bunlarla s\u0131n\u0131rl\u0131 olmamak \u00fczere, ekipman kiralama, bak\u0131m anla\u015fmalar\u0131 ve \u00f6zelle\u015ftirilmi\u015f finansman \u00e7\u00f6z\u00fcmleri bulunmaktad\u0131r.<\/p>\n\n<p><b>3. Yat\u0131r\u0131m F\u0131rsatlar\u0131<\/b><\/p>\n<p>Lotos Leasing, leasing giri\u015fimlerinde yat\u0131r\u0131m f\u0131rsatlar\u0131 sunmaktad\u0131r.  Yat\u0131r\u0131m f\u0131rsatlar\u0131 ile ilgili t\u00fcm detaylar \u00f6zel yat\u0131r\u0131m f\u0131rsatlar\u0131 sayfas\u0131nda mevcuttur.<\/p>\n\n<p><b>4. Ge\u00e7erli Hukuk<\/b><\/p>\n<p>Bu H\u00fck\u00fcm ve Ko\u015fullar, Rusya Federasyonu yasalar\u0131na g\u00f6re y\u00f6netilecek ve yorumlanacakt\u0131r.<\/p>\n\n<p><b>5. \u015eartlarda Yap\u0131lan De\u011fi\u015fiklikler<\/b><\/p>\n<p>Lotos Leasing bu H\u00fck\u00fcm ve Ko\u015fullar\u0131 istedi\u011fi zaman de\u011fi\u015ftirme hakk\u0131n\u0131 sakl\u0131 tutar.  G\u00fcncellenen \u015fartlar bu sayfada yay\u0131nlanacakt\u0131r.<\/p>\n\n<p><b>6. Garantilerin Reddi<\/b><\/p>\n<p>Lotos Leasing iyi niyetle hizmet vermektedir.  Ancak, herhangi bir yat\u0131r\u0131m\u0131n ba\u015far\u0131s\u0131n\u0131 veya kiralanan herhangi bir ekipman\u0131n performans\u0131n\u0131 garanti etmiyoruz.  Hizmetlerimizi kullanman\u0131n riskinin size ait oldu\u011funu kabul etmektesiniz.<\/p>\n\n<p><b>7. Sorumlulu\u011fun S\u0131n\u0131rland\u0131r\u0131lmas\u0131<\/b><\/p>\n<p>Lotos Leasing hi\u00e7bir durumda hizmetlerimizin kullan\u0131m\u0131ndan kaynaklanan veya bunlarla ba\u011flant\u0131l\u0131 olarak ortaya \u00e7\u0131kan dolayl\u0131, ar\u0131zi, sonu\u00e7 olarak ortaya \u00e7\u0131kan veya \u00f6zel zararlardan sorumlu olmayacakt\u0131r.<\/p>\n\n<p><b>8. T\u00fcm S\u00f6zle\u015fme<\/b><\/p>\n<p>Bu H\u00fck\u00fcm ve Ko\u015fullar, hizmetlerimizin kullan\u0131m\u0131 ile ilgili olarak siz ve Lotos Leasing aras\u0131ndaki anla\u015fman\u0131n tamam\u0131n\u0131 te\u015fkil eder ve s\u00f6zl\u00fc veya yaz\u0131l\u0131 olsun, \u00f6nceki veya e\u015fzamanl\u0131 t\u00fcm ileti\u015fim ve tekliflerin yerine ge\u00e7er.<\/p>\n\n<p><b>9. Bize Ula\u015f\u0131n<\/b><\/p>\n<p>Bu H\u00fck\u00fcm ve Ko\u015fullarla ilgili her t\u00fcrl\u00fc soru veya endi\u015feniz i\u00e7in l\u00fctfen bizimle \u015fu adresten ileti\u015fime ge\u00e7in <a href=\"mailto:info@lotosleasing.com\">info@lotosleasing.com<\/a>.<\/p>\t\t\t\t\t\t\t\t<\/div>\n\t\t\t\t<\/div>\n\t\t\t\t\t<\/div>\n\t\t\t\t<\/div>\n\t\t\t\t<\/div>","protected":false},"excerpt":{"rendered":"","protected":false},"author":0,"featured_media":0,"parent":0,"menu_order":0,"comment_status":"closed","ping_status":"publish","template":"","meta":{"_acf_changed":false,"two_page_speed":[],"footnotes":""},"class_list":["post-679","page","type-page","status-publish","hentry"],"acf":[],"_links":{"self":[{"href":"https:\/\/lotosleasing.com\/tr\/wp-json\/wp\/v2\/pages\/679","targetHints":{"allow":["GET"]}}],"collection":[{"href":"https:\/\/lotosleasing.com\/tr\/wp-json\/wp\/v2\/pages"}],"about":[{"href":"https:\/\/lotosleasing.com\/tr\/wp-json\/wp\/v2\/types\/page"}],"replies":[{"embeddable":true,"href":"https:\/\/lotosleasing.com\/tr\/wp-json\/wp\/v2\/comments?post=679"}],"version-history":[{"count":0,"href":"https:\/\/lotosleasing.com\/tr\/wp-json\/wp\/v2\/pages\/679\/revisions"}],"wp:attachment":[{"href":"https:\/\/lotosleasing.com\/tr\/wp-json\/wp\/v2\/media?parent=679"}],"curies":[{"name":"wp","href":"https:\/\/api.w.org\/{rel}","templated":true}]}}