{"id":675,"date":"2025-06-30T16:31:04","date_gmt":"2025-06-30T16:31:04","guid":{"rendered":"https:\/\/lotosleasing.com\/investment-opportunities-2\/"},"modified":"2025-07-24T14:01:24","modified_gmt":"2025-07-24T14:01:24","slug":"investment-opportunities-2","status":"publish","type":"page","link":"https:\/\/lotosleasing.com\/tr\/investment-opportunities-2\/","title":{"rendered":"Yat\u0131r\u0131m F\u0131rsatlar\u0131"},"content":{"rendered":"<div data-elementor-type=\"wp-page\" data-elementor-id=\"675\" class=\"elementor elementor-675\">\n\t\t\t\t<div class=\"elementor-element elementor-element-1ziqop53 twbb_section e-flex e-con-boxed e-con e-parent\" data-id=\"1ziqop53\" data-element_type=\"container\" id=\"invest-in-the-arctic-future\">\n\t\t\t\t\t<div class=\"e-con-inner\">\n\t\t\t\t<div class=\"elementor-element elementor-element-k353g9j1 elementor-widget__width-initial elementor-widget-mobile__width-inherit elementor-widget-tablet__width-initial twbb-headline--style-highlight elementor-widget elementor-widget-twbbanimated-headline\" data-id=\"k353g9j1\" data-element_type=\"widget\" data-settings=\"{&quot;highlighted_text&quot;:&quot;Unlock&quot;,&quot;marker&quot;:&quot;underline_zigzag&quot;,&quot;headline_style&quot;:&quot;highlight&quot;}\" data-widget_type=\"twbbanimated-headline.default\">\n\t\t\t\t<div class=\"elementor-widget-container\">\n\t\t\t\t\t    <h1 class=\"twbb-headline\">\n        <span class=\"twbb-headline-dynamic-wrapper twbb-headline-text-wrapper\"><\/span>\n          <span class=\"twbb-headline-plain-text twbb-headline-text-wrapper\"> Arktik Yat\u0131r\u0131m <em>Potansiyel<\/em><\/span>\n        <\/h1>\n    \t\t\t\t<\/div>\n\t\t\t\t<\/div>\n\t\t\t\t<div class=\"elementor-element elementor-element-r6lizzll elementor-widget__width-initial elementor-widget-mobile__width-inherit elementor-widget-tablet__width-initial elementor-invisible elementor-widget elementor-widget-text-editor\" data-id=\"r6lizzll\" data-element_type=\"widget\" data-settings=\"{&quot;_animation&quot;:&quot;fadeInUp&quot;}\" data-widget_type=\"text-editor.default\">\n\t\t\t\t<div class=\"elementor-widget-container\">\n\t\t\t\t\t\t\t\t\t<p>Lotos Leasing ile kripto para se\u00e7enekleri de dahil olmak \u00fczere \u00e7ok \u00e7e\u015fitli yat\u0131r\u0131m f\u0131rsatlar\u0131n\u0131 ke\u015ffedin. B\u00fcy\u00fcyen Arktik pazar\u0131ndan yararlanmak ve b\u00f6lgenin s\u00fcrd\u00fcr\u00fclebilir kalk\u0131nmas\u0131n\u0131 desteklemek isteyen yat\u0131r\u0131mc\u0131lar i\u00e7in ki\u015fiselle\u015ftirilmi\u015f \u00e7\u00f6z\u00fcmler sunuyoruz.<\/p>\t\t\t\t\t\t\t\t<\/div>\n\t\t\t\t<\/div>\n\t\t<div class=\"elementor-element elementor-element-tjbh1jwc e-con-full e-flex e-con e-child\" data-id=\"tjbh1jwc\" data-element_type=\"container\">\n\t\t\t\t<div class=\"elementor-element elementor-element-zudcknmu elementor-align-right elementor-mobile-align-center elementor-widget elementor-widget-button\" data-id=\"zudcknmu\" data-element_type=\"widget\" data-widget_type=\"button.default\">\n\t\t\t\t<div class=\"elementor-widget-container\">\n\t\t\t\t\t\t\t\t\t<div class=\"elementor-button-wrapper\">\n\t\t\t\t\t<a class=\"elementor-button elementor-button-link elementor-size-sm\" href=\"#how-to-invest-with-lotosleasing.comleasing.com-leasing\">\n\t\t\t\t\t\t<span class=\"elementor-button-content-wrapper\">\n\t\t\t\t\t\t\t\t\t<span class=\"elementor-button-text\">Daha Fazla Bilgi<\/span>\n\t\t\t\t\t<\/span>\n\t\t\t\t\t<\/a>\n\t\t\t\t<\/div>\n\t\t\t\t\t\t\t\t<\/div>\n\t\t\t\t<\/div>\n\t\t\t\t<div class=\"elementor-element elementor-element-56rvbhom elementor-align-left elementor-mobile-align-center elementor-widget elementor-widget-button\" data-id=\"56rvbhom\" data-element_type=\"widget\" data-widget_type=\"button.default\">\n\t\t\t\t<div class=\"elementor-widget-container\">\n\t\t\t\t\t\t\t\t\t<div class=\"elementor-button-wrapper\">\n\t\t\t\t\t<a class=\"elementor-button elementor-button-link elementor-size-sm\" href=\"https:\/\/lotosleasing.com\/tr\/contact-2\/\">\n\t\t\t\t\t\t<span class=\"elementor-button-content-wrapper\">\n\t\t\t\t\t\t\t\t\t<span class=\"elementor-button-text\">Ba\u015flay\u0131n<\/span>\n\t\t\t\t\t<\/span>\n\t\t\t\t\t<\/a>\n\t\t\t\t<\/div>\n\t\t\t\t\t\t\t\t<\/div>\n\t\t\t\t<\/div>\n\t\t\t\t<\/div>\n\t\t\t\t<div class=\"elementor-element elementor-element-6s8319tn elementor-widget__width-initial elementor-widget-mobile__width-inherit elementor-widget-tablet__width-initial elementor-widget elementor-widget-image\" data-id=\"6s8319tn\" data-element_type=\"widget\" data-widget_type=\"image.default\">\n\t\t\t\t<div class=\"elementor-widget-container\">\n\t\t\t\t\t\t\t\t\t\t\t\t\t\t\t<img fetchpriority=\"high\" decoding=\"async\" width=\"1024\" height=\"768\" src=\"https:\/\/lotosleasing.com\/wp-content\/uploads\/2025\/06\/tenweb_media_syboa6qke.webp\" class=\"attachment-full size-full wp-image-616\" alt=\"\" srcset=\"https:\/\/lotosleasing.com\/wp-content\/uploads\/2025\/06\/tenweb_media_syboa6qke.webp 1024w, https:\/\/lotosleasing.com\/wp-content\/uploads\/2025\/06\/tenweb_media_syboa6qke-768x576.webp 768w\" sizes=\"(max-width: 1024px) 100vw, 1024px\" \/>\t\t\t\t\t\t\t\t\t\t\t\t\t\t\t<\/div>\n\t\t\t\t<\/div>\n\t\t\t\t\t<\/div>\n\t\t\t\t<\/div>\n\t\t<div class=\"elementor-element elementor-element-wa53d3mc twbb_section e-flex e-con-boxed e-con e-parent\" data-id=\"wa53d3mc\" data-element_type=\"container\" id=\"how-to-invest-with-lotosleasing.comleasing.com-leasing\">\n\t\t\t\t\t<div class=\"e-con-inner\">\n\t\t\t\t<div class=\"elementor-element elementor-element-a176032 elementor-widget__width-initial elementor-widget-mobile__width-inherit elementor-widget-tablet__width-initial twbb_cta-button-wrapper-center twbb_cta-valign-align-top twbb_cta-button-wrapper-center twbb_cta-button-wrapper-center twbb_cta-position-button-bottom twbb_cta-tablet-position-button-bottom twbb_cta-mobile-position-button-bottom elementor-invisible elementor-widget elementor-widget-twbb_call-to-action\" data-id=\"a176032\" data-element_type=\"widget\" data-settings=\"{&quot;_animation&quot;:&quot;fadeInUp&quot;}\" data-widget_type=\"twbb_call-to-action.default\">\n\t\t\t\t<div class=\"elementor-widget-container\">\n\t\t\t\t\t    <div  class=\"twbb_cta-wrapper\">\n      <div class=\"twbb_cta-content-wrapper\">\n    <div class=\"twbb_cta-content-inner\">\n                <h2 class=\"twbb_cta-title\">Kuzey Kutbu'na yat\u0131r\u0131m yapmak i\u00e7in \u00f6zelle\u015ftirilmi\u015f finansal modellerimizden baz\u0131lar\u0131n\u0131 ke\u015ffedin.<\/h2>\n                    <div class=\"twbb_cta-description\">Farkl\u0131 yat\u0131r\u0131mc\u0131 t\u00fcrleri ve senaryolar i\u00e7in \u00f6zel olarak tasarlanm\u0131\u015f yap\u0131land\u0131r\u0131lm\u0131\u015f \u00e7\u00f6z\u00fcmlerimizden baz\u0131lar\u0131n\u0131 ke\u015ffedin. Kuzey Kutbu'ndaki yat\u0131r\u0131m f\u0131rsatlar\u0131 hakk\u0131nda daha fazla bilgi edinmek i\u00e7in bizimle ileti\u015fime ge\u00e7in.<\/div>\n              <\/div>\n    <div class=\"twbb_cta-button-wrapper\">\n        <div class=\"twbb_cta-buttons\">\n                        <\/div>\n    <\/div>\n  <\/div>\n        <\/div>\n\t\t\t\t<\/div>\n\t\t\t\t<\/div>\n\t\t\t\t<div class=\"elementor-element elementor-element-7685735 elementor-widget elementor-widget-n-accordion\" data-id=\"7685735\" data-element_type=\"widget\" data-settings=\"{&quot;default_state&quot;:&quot;expanded&quot;,&quot;max_items_expended&quot;:&quot;one&quot;,&quot;n_accordion_animation_duration&quot;:{&quot;unit&quot;:&quot;ms&quot;,&quot;size&quot;:400,&quot;sizes&quot;:[]}}\" data-widget_type=\"nested-accordion.default\">\n\t\t\t\t<div class=\"elementor-widget-container\">\n\t\t\t\t\t\t\t<div class=\"e-n-accordion\" aria-label=\"Akordeon. Enter veya Space ile ba\u011flant\u0131lar\u0131 a\u00e7\u0131n, Escape ile kapat\u0131n ve Ok Tu\u015flar\u0131 ile gezinin\">\n\t\t\t\t\t\t<details id=\"e-n-accordion-item-1240\" class=\"e-n-accordion-item\" open>\n\t\t\t\t<summary class=\"e-n-accordion-item-title\" data-accordion-index=\"1\" tabindex=\"0\" aria-expanded=\"true\" aria-controls=\"e-n-accordion-item-1240\" >\n\t\t\t\t\t<span class='e-n-accordion-item-title-header'><div class=\"e-n-accordion-item-title-text\"> 1. \"Lotos Kolektif Kiralama Havuzu\" <\/div><\/span>\n\t\t\t\t\t\t\t<span class='e-n-accordion-item-title-icon'>\n\t\t\t<span class='e-opened' ><svg aria-hidden=\"true\" class=\"e-font-icon-svg e-fas-minus\" viewbox=\"0 0 448 512\" xmlns=\"http:\/\/www.w3.org\/2000\/svg\"><path d=\"M416 208H32c-17.67 0-32 14.33-32 32v32c0 17.67 14.33 32 32 32h384c17.67 0 32-14.33 32-32v-32c0-17.67-14.33-32-32-32z\"><\/path><\/svg><\/span>\n\t\t\t<span class='e-closed'><svg aria-hidden=\"true\" class=\"e-font-icon-svg e-fas-plus\" viewbox=\"0 0 448 512\" xmlns=\"http:\/\/www.w3.org\/2000\/svg\"><path d=\"M416 208H272V64c0-17.67-14.33-32-32-32h-32c-17.67 0-32 14.33-32 32v144H32c-17.67 0-32 14.33-32 32v32c0 17.67 14.33 32 32 32h144v144c0 17.67 14.33 32 32 32h32c17.67 0 32-14.33 32-32V304h144c17.67 0 32-14.33 32-32v-32c0-17.67-14.33-32-32-32z\"><\/path><\/svg><\/span>\n\t\t<\/span>\n\n\t\t\t\t\t\t<\/summary>\n\t\t\t\t<div role=\"region\" aria-labelledby=\"e-n-accordion-item-1240\" class=\"elementor-element elementor-element-c802f83 e-con-full e-flex e-con e-child\" data-id=\"c802f83\" data-element_type=\"container\">\n\t\t<div role=\"region\" aria-labelledby=\"e-n-accordion-item-1240\" class=\"elementor-element elementor-element-b3d4831 e-flex e-con-boxed e-con e-child\" data-id=\"b3d4831\" data-element_type=\"container\">\n\t\t\t\t\t<div class=\"e-con-inner\">\n\t\t\t\t<div class=\"elementor-element elementor-element-60e7336 elementor-widget elementor-widget-text-editor\" data-id=\"60e7336\" data-element_type=\"widget\" data-widget_type=\"text-editor.default\">\n\t\t\t\t<div class=\"elementor-widget-container\">\n\t\t\t\t\t\t\t\t\t<p style=\"font-weight: 400;\">\ud83d\udd39 \u00c7e\u015fitli \u00fclkelerden hem ger\u00e7ek hem de t\u00fczel ki\u015filer i\u00e7in uygundur<br \/>\ud83d\udd39 Garantili getirileri Arktik tabanl\u0131 varl\u0131klara do\u011frudan ba\u011flant\u0131 ile birle\u015ftirir<\/p><p style=\"font-weight: 400;\">\ud83c\udfaf\u00a0<strong>HEDEF:<\/strong><br \/>K\u00fc\u00e7\u00fck \u00f6l\u00e7ekli yat\u0131r\u0131mlar\u0131 ($10.000'den $100.000'e kadar) \u015firketin leasing havuzuna \u00e7ekmek, ger\u00e7ek varl\u0131klarla (Arktik i\u015fletmelerine kiralanan \u00f6zel ama\u00e7l\u0131 makine, ekipman ve altyap\u0131) net getiri ve \u015feffaf destek sunmak.<br \/>\ud83d\udcc8 Getiriler banka mevduatlar\u0131ndan daha y\u00fcksektir, ancak giri\u015fimlerden daha d\u00fc\u015f\u00fck risk i\u00e7erir.<\/p>\t\t\t\t\t\t\t\t<\/div>\n\t\t\t\t<\/div>\n\t\t\t\t\t<\/div>\n\t\t\t\t<\/div>\n\t\t\t\t<\/div>\n\t\t\t\t\t<\/details>\n\t\t\t\t\t\t<details id=\"e-n-accordion-item-1241\" class=\"e-n-accordion-item\" >\n\t\t\t\t<summary class=\"e-n-accordion-item-title\" data-accordion-index=\"2\" tabindex=\"-1\" aria-expanded=\"false\" aria-controls=\"e-n-accordion-item-1241\" >\n\t\t\t\t\t<span class='e-n-accordion-item-title-header'><div class=\"e-n-accordion-item-title-text\"> 2. \"Arktik Y\u00f6netimsel Kiralama\" <\/div><\/span>\n\t\t\t\t\t\t\t<span class='e-n-accordion-item-title-icon'>\n\t\t\t<span class='e-opened' ><svg aria-hidden=\"true\" class=\"e-font-icon-svg e-fas-minus\" viewbox=\"0 0 448 512\" xmlns=\"http:\/\/www.w3.org\/2000\/svg\"><path d=\"M416 208H32c-17.67 0-32 14.33-32 32v32c0 17.67 14.33 32 32 32h384c17.67 0 32-14.33 32-32v-32c0-17.67-14.33-32-32-32z\"><\/path><\/svg><\/span>\n\t\t\t<span class='e-closed'><svg aria-hidden=\"true\" class=\"e-font-icon-svg e-fas-plus\" viewbox=\"0 0 448 512\" xmlns=\"http:\/\/www.w3.org\/2000\/svg\"><path d=\"M416 208H272V64c0-17.67-14.33-32-32-32h-32c-17.67 0-32 14.33-32 32v144H32c-17.67 0-32 14.33-32 32v32c0 17.67 14.33 32 32 32h144v144c0 17.67 14.33 32 32 32h32c17.67 0 32-14.33 32-32V304h144c17.67 0 32-14.33 32-32v-32c0-17.67-14.33-32-32-32z\"><\/path><\/svg><\/span>\n\t\t<\/span>\n\n\t\t\t\t\t\t<\/summary>\n\t\t\t\t<div role=\"region\" aria-labelledby=\"e-n-accordion-item-1241\" class=\"elementor-element elementor-element-192a580 e-con-full e-flex e-con e-child\" data-id=\"192a580\" data-element_type=\"container\">\n\t\t<div role=\"region\" aria-labelledby=\"e-n-accordion-item-1241\" class=\"elementor-element elementor-element-eee7f03 e-flex e-con-boxed e-con e-child\" data-id=\"eee7f03\" data-element_type=\"container\">\n\t\t\t\t\t<div class=\"e-con-inner\">\n\t\t\t\t<div class=\"elementor-element elementor-element-3c137ef elementor-widget elementor-widget-text-editor\" data-id=\"3c137ef\" data-element_type=\"widget\" data-widget_type=\"text-editor.default\">\n\t\t\t\t<div class=\"elementor-widget-container\">\n\t\t\t\t\t\t\t\t\t<p style=\"font-weight: 400;\">Petrol sahas\u0131 hizmet \u015firketlerinin \u00fcst y\u00f6netiminin leasing \u015firketi arac\u0131l\u0131\u011f\u0131yla kendi i\u015flerine yat\u0131r\u0131m yapmalar\u0131n\u0131 sa\u011flarken, \u015feffafl\u0131\u011f\u0131 korur, vergi y\u00fcklerini azalt\u0131r ve gelir elde eder - t\u00fcm bunlar\u0131 yaparken ekipman \u00fczerindeki operasyonel kontrol\u00fc elinde tutar. Kuzey Kutup B\u00f6lgesi'nde yerle\u015fik bir leasing \u015firketi arac\u0131l\u0131\u011f\u0131yla tamamen uygulanm\u0131\u015ft\u0131r.<\/p>\t\t\t\t\t\t\t\t<\/div>\n\t\t\t\t<\/div>\n\t\t\t\t\t<\/div>\n\t\t\t\t<\/div>\n\t\t\t\t<\/div>\n\t\t\t\t\t<\/details>\n\t\t\t\t\t\t<details id=\"e-n-accordion-item-1242\" class=\"e-n-accordion-item\" >\n\t\t\t\t<summary class=\"e-n-accordion-item-title\" data-accordion-index=\"3\" tabindex=\"-1\" aria-expanded=\"false\" aria-controls=\"e-n-accordion-item-1242\" >\n\t\t\t\t\t<span class='e-n-accordion-item-title-header'><div class=\"e-n-accordion-item-title-text\"> 3. \"Yat\u0131r\u0131m Devresi Yoluyla Kiralama\" <\/div><\/span>\n\t\t\t\t\t\t\t<span class='e-n-accordion-item-title-icon'>\n\t\t\t<span class='e-opened' ><svg aria-hidden=\"true\" class=\"e-font-icon-svg e-fas-minus\" viewbox=\"0 0 448 512\" xmlns=\"http:\/\/www.w3.org\/2000\/svg\"><path d=\"M416 208H32c-17.67 0-32 14.33-32 32v32c0 17.67 14.33 32 32 32h384c17.67 0 32-14.33 32-32v-32c0-17.67-14.33-32-32-32z\"><\/path><\/svg><\/span>\n\t\t\t<span class='e-closed'><svg aria-hidden=\"true\" class=\"e-font-icon-svg e-fas-plus\" viewbox=\"0 0 448 512\" xmlns=\"http:\/\/www.w3.org\/2000\/svg\"><path d=\"M416 208H272V64c0-17.67-14.33-32-32-32h-32c-17.67 0-32 14.33-32 32v144H32c-17.67 0-32 14.33-32 32v32c0 17.67 14.33 32 32 32h144v144c0 17.67 14.33 32 32 32h32c17.67 0 32-14.33 32-32V304h144c17.67 0 32-14.33 32-32v-32c0-17.67-14.33-32-32-32z\"><\/path><\/svg><\/span>\n\t\t<\/span>\n\n\t\t\t\t\t\t<\/summary>\n\t\t\t\t<div role=\"region\" aria-labelledby=\"e-n-accordion-item-1242\" class=\"elementor-element elementor-element-f2acb4c e-flex e-con-boxed e-con e-child\" data-id=\"f2acb4c\" data-element_type=\"container\">\n\t\t\t\t\t<div class=\"e-con-inner\">\n\t\t<div role=\"region\" aria-labelledby=\"e-n-accordion-item-1242\" class=\"elementor-element elementor-element-fa7fc32 e-con-full e-flex e-con e-child\" data-id=\"fa7fc32\" data-element_type=\"container\">\n\t\t\t\t<div class=\"elementor-element elementor-element-5ed5998 elementor-widget elementor-widget-text-editor\" data-id=\"5ed5998\" data-element_type=\"widget\" data-widget_type=\"text-editor.default\">\n\t\t\t\t<div class=\"elementor-widget-container\">\n\t\t\t\t\t\t\t\t\t<p style=\"font-weight: 400;\">Bir Rus bireyin \u015funlar\u0131 yapmas\u0131na izin verir:<br \/>- Ger\u00e7ek varl\u0131klara (ekipman, makine) g\u00fcvenle yat\u0131r\u0131m yap\u0131n<br \/>- Geleneksel banka oranlar\u0131n\u0131n \u00fczerinde getiri elde edin<br \/>- Basit ve do\u011frulanabilir bir yasal yap\u0131 kullanarak varl\u0131\u011f\u0131n do\u011frudan sahibi olmadan kira gelirine kat\u0131l\u0131n<\/p>\t\t\t\t\t\t\t\t<\/div>\n\t\t\t\t<\/div>\n\t\t\t\t<\/div>\n\t\t\t\t\t<\/div>\n\t\t\t\t<\/div>\n\t\t\t\t\t<\/details>\n\t\t\t\t\t\t<details id=\"e-n-accordion-item-1243\" class=\"e-n-accordion-item\" >\n\t\t\t\t<summary class=\"e-n-accordion-item-title\" data-accordion-index=\"4\" tabindex=\"-1\" aria-expanded=\"false\" aria-controls=\"e-n-accordion-item-1243\" >\n\t\t\t\t\t<span class='e-n-accordion-item-title-header'><div class=\"e-n-accordion-item-title-text\"> 4. \"Devral\u0131nan Varl\u0131klarla Teminatl\u0131 Hedefli Yat\u0131r\u0131m Kredisi\" <\/div><\/span>\n\t\t\t\t\t\t\t<span class='e-n-accordion-item-title-icon'>\n\t\t\t<span class='e-opened' ><svg aria-hidden=\"true\" class=\"e-font-icon-svg e-fas-minus\" viewbox=\"0 0 448 512\" xmlns=\"http:\/\/www.w3.org\/2000\/svg\"><path d=\"M416 208H32c-17.67 0-32 14.33-32 32v32c0 17.67 14.33 32 32 32h384c17.67 0 32-14.33 32-32v-32c0-17.67-14.33-32-32-32z\"><\/path><\/svg><\/span>\n\t\t\t<span class='e-closed'><svg aria-hidden=\"true\" class=\"e-font-icon-svg e-fas-plus\" viewbox=\"0 0 448 512\" xmlns=\"http:\/\/www.w3.org\/2000\/svg\"><path d=\"M416 208H272V64c0-17.67-14.33-32-32-32h-32c-17.67 0-32 14.33-32 32v144H32c-17.67 0-32 14.33-32 32v32c0 17.67 14.33 32 32 32h144v144c0 17.67 14.33 32 32 32h32c17.67 0 32-14.33 32-32V304h144c17.67 0 32-14.33 32-32v-32c0-17.67-14.33-32-32-32z\"><\/path><\/svg><\/span>\n\t\t<\/span>\n\n\t\t\t\t\t\t<\/summary>\n\t\t\t\t<div role=\"region\" aria-labelledby=\"e-n-accordion-item-1243\" class=\"elementor-element elementor-element-59c45b1 e-flex e-con-boxed e-con e-child\" data-id=\"59c45b1\" data-element_type=\"container\">\n\t\t\t\t\t<div class=\"e-con-inner\">\n\t\t<div role=\"region\" aria-labelledby=\"e-n-accordion-item-1243\" class=\"elementor-element elementor-element-553f5a1 e-con-full e-flex e-con e-child\" data-id=\"553f5a1\" data-element_type=\"container\">\n\t\t\t\t<div class=\"elementor-element elementor-element-31e162f elementor-widget elementor-widget-text-editor\" data-id=\"31e162f\" data-element_type=\"widget\" data-widget_type=\"text-editor.default\">\n\t\t\t\t<div class=\"elementor-widget-container\">\n\t\t\t\t\t\t\t\t\t<p style=\"font-weight: 400;\"><strong>Konsept:<\/strong><br \/>- Finansal kiralama \u015firketi, \u00f6zel bir yat\u0131r\u0131mc\u0131dan ald\u0131\u011f\u0131 fonlar\u0131 kullanarak ekipman sat\u0131n al\u0131r<br \/>- Varl\u0131k, sat\u0131n alma s\u0131ras\u0131nda yat\u0131r\u0131mc\u0131 lehine rehnedilir<br \/>- Yat\u0131r\u0131mc\u0131 sabit bir gelir elde eder<br \/>- T\u00fcm \u00f6demeler tamamland\u0131\u011f\u0131nda, varl\u0131k rehinden kurtar\u0131l\u0131r<\/p>\t\t\t\t\t\t\t\t<\/div>\n\t\t\t\t<\/div>\n\t\t\t\t<\/div>\n\t\t\t\t\t<\/div>\n\t\t\t\t<\/div>\n\t\t\t\t\t<\/details>\n\t\t\t\t\t\t<details id=\"e-n-accordion-item-1244\" class=\"e-n-accordion-item\" >\n\t\t\t\t<summary class=\"e-n-accordion-item-title\" data-accordion-index=\"5\" tabindex=\"-1\" aria-expanded=\"false\" aria-controls=\"e-n-accordion-item-1244\" >\n\t\t\t\t\t<span class='e-n-accordion-item-title-header'><div class=\"e-n-accordion-item-title-text\"> 5. \"Dost SPV arac\u0131l\u0131\u011f\u0131yla Yarg\u0131 K\u00f6pr\u00fcs\u00fc\" <\/div><\/span>\n\t\t\t\t\t\t\t<span class='e-n-accordion-item-title-icon'>\n\t\t\t<span class='e-opened' ><svg aria-hidden=\"true\" class=\"e-font-icon-svg e-fas-minus\" viewbox=\"0 0 448 512\" xmlns=\"http:\/\/www.w3.org\/2000\/svg\"><path d=\"M416 208H32c-17.67 0-32 14.33-32 32v32c0 17.67 14.33 32 32 32h384c17.67 0 32-14.33 32-32v-32c0-17.67-14.33-32-32-32z\"><\/path><\/svg><\/span>\n\t\t\t<span class='e-closed'><svg aria-hidden=\"true\" class=\"e-font-icon-svg e-fas-plus\" viewbox=\"0 0 448 512\" xmlns=\"http:\/\/www.w3.org\/2000\/svg\"><path d=\"M416 208H272V64c0-17.67-14.33-32-32-32h-32c-17.67 0-32 14.33-32 32v144H32c-17.67 0-32 14.33-32 32v32c0 17.67 14.33 32 32 32h144v144c0 17.67 14.33 32 32 32h32c17.67 0 32-14.33 32-32V304h144c17.67 0 32-14.33 32-32v-32c0-17.67-14.33-32-32-32z\"><\/path><\/svg><\/span>\n\t\t<\/span>\n\n\t\t\t\t\t\t<\/summary>\n\t\t\t\t<div role=\"region\" aria-labelledby=\"e-n-accordion-item-1244\" class=\"elementor-element elementor-element-af71d73 e-flex e-con-boxed e-con e-child\" data-id=\"af71d73\" data-element_type=\"container\">\n\t\t\t\t\t<div class=\"e-con-inner\">\n\t\t<div role=\"region\" aria-labelledby=\"e-n-accordion-item-1244\" class=\"elementor-element elementor-element-c6231cc e-con-full e-flex e-con e-child\" data-id=\"c6231cc\" data-element_type=\"container\">\n\t\t\t\t<div class=\"elementor-element elementor-element-8716052 elementor-widget elementor-widget-text-editor\" data-id=\"8716052\" data-element_type=\"widget\" data-widget_type=\"text-editor.default\">\n\t\t\t\t<div class=\"elementor-widget-container\">\n\t\t\t\t\t\t\t\t\t<p style=\"font-weight: 400;\">\ud83d\udccc\u00a0<strong>Ama\u00e7:<\/strong><br \/>- ABD'li yat\u0131r\u0131mc\u0131lar\u0131 Rus varl\u0131klar\u0131na do\u011frudan sahip olmaktan korumak<br \/>- OFAC d\u00fczenlemelerinin veya yapt\u0131r\u0131mlar\u0131n\u0131n ihlalinden ka\u00e7\u0131n\u0131n<br \/>- Mali uzla\u015fmalar i\u00e7in yasal bir kanal olu\u015fturulmas\u0131<br \/>- Kuzey Kutbu'nun kiralanmas\u0131ndan elde edilen k\u00e2r\u0131n payla\u015f\u0131lmas\u0131 i\u00e7in s\u00fcrd\u00fcr\u00fclebilir bir yap\u0131 olu\u015fturulmas\u0131<\/p>\t\t\t\t\t\t\t\t<\/div>\n\t\t\t\t<\/div>\n\t\t\t\t<\/div>\n\t\t\t\t\t<\/div>\n\t\t\t\t<\/div>\n\t\t\t\t\t<\/details>\n\t\t\t\t\t<\/div>\n\t\t\t\t\t\t<\/div>\n\t\t\t\t<\/div>\n\t\t\t\t<div class=\"elementor-element elementor-element-58g0a5fa elementor-widget__width-initial elementor-widget-mobile__width-inherit elementor-widget-tablet__width-initial twbb_cta-button-wrapper-center twbb_cta-valign-align-top twbb_cta-button-wrapper-center twbb_cta-button-wrapper-center twbb_cta-position-button-bottom twbb_cta-tablet-position-button-bottom twbb_cta-mobile-position-button-bottom elementor-invisible elementor-widget elementor-widget-twbb_call-to-action\" data-id=\"58g0a5fa\" data-element_type=\"widget\" data-settings=\"{&quot;_animation&quot;:&quot;fadeInUp&quot;}\" data-widget_type=\"twbb_call-to-action.default\">\n\t\t\t\t<div class=\"elementor-widget-container\">\n\t\t\t\t\t    <div  class=\"twbb_cta-wrapper\">\n      <div class=\"twbb_cta-content-wrapper\">\n    <div class=\"twbb_cta-content-inner\">\n                <h2 class=\"twbb_cta-title\">Yat\u0131r\u0131m Yolculu\u011funuza Bug\u00fcn Ba\u015flay\u0131n<\/h2>\n                    <div class=\"twbb_cta-description\">Lotos Leasing ile nas\u0131l yat\u0131r\u0131m yapaca\u011f\u0131n\u0131z\u0131 ke\u015ffedin, cazip getirilerin tad\u0131n\u0131 \u00e7\u0131kar\u0131n ve Arktik odakl\u0131 leasing f\u0131rsatlar\u0131n\u0131n temel faydalar\u0131n\u0131 ve risklerini anlay\u0131n.<\/div>\n              <\/div>\n    <div class=\"twbb_cta-button-wrapper\">\n        <div class=\"twbb_cta-buttons\">\n              <div class=\"twbb_cta-button-item twbb_cta-button-item__one twbb_cta-button-enable-yes\">\n          <a href=\"#invest-in-the-arctic-future\" class=\"elementor-button twbb_cta-button elementor-size- twbb_cta-button__one\"            >Ba\u015flay\u0131n<\/a>\n        <\/div>\n                        <\/div>\n    <\/div>\n  <\/div>\n        <\/div>\n\t\t\t\t<\/div>\n\t\t\t\t<\/div>\n\t\t\t\t\t<\/div>\n\t\t\t\t<\/div>\n\t\t<div class=\"elementor-element elementor-element-326e90e e-flex e-con-boxed e-con e-parent\" data-id=\"326e90e\" data-element_type=\"container\">\n\t\t\t\t\t<div class=\"e-con-inner\">\n\t\t\t\t\t<\/div>\n\t\t\t\t<\/div>\n\t\t\t\t<\/div>","protected":false},"excerpt":{"rendered":"<p>Arctic Investment Potential Discover a wide range of investment opportunities with Lotos Leasing, including cryptocurrency options. We offer personalized solutions for investors looking to capitalize on the growing Arctic market and support the region&#8217;s sustainable development. Learn More Get Started Explore some of our customized financial models for investing in the Arctic. Discover some of [&hellip;]<\/p>","protected":false},"author":0,"featured_media":0,"parent":0,"menu_order":0,"comment_status":"closed","ping_status":"publish","template":"","meta":{"_acf_changed":false,"two_page_speed":[],"footnotes":""},"class_list":["post-675","page","type-page","status-publish","hentry"],"acf":[],"_links":{"self":[{"href":"https:\/\/lotosleasing.com\/tr\/wp-json\/wp\/v2\/pages\/675","targetHints":{"allow":["GET"]}}],"collection":[{"href":"https:\/\/lotosleasing.com\/tr\/wp-json\/wp\/v2\/pages"}],"about":[{"href":"https:\/\/lotosleasing.com\/tr\/wp-json\/wp\/v2\/types\/page"}],"replies":[{"embeddable":true,"href":"https:\/\/lotosleasing.com\/tr\/wp-json\/wp\/v2\/comments?post=675"}],"version-history":[{"count":0,"href":"https:\/\/lotosleasing.com\/tr\/wp-json\/wp\/v2\/pages\/675\/revisions"}],"wp:attachment":[{"href":"https:\/\/lotosleasing.com\/tr\/wp-json\/wp\/v2\/media?parent=675"}],"curies":[{"name":"wp","href":"https:\/\/api.w.org\/{rel}","templated":true}]}}