{"id":667,"date":"2025-06-30T16:31:03","date_gmt":"2025-06-30T16:31:03","guid":{"rendered":"https:\/\/lotosleasing.com\/services-3\/"},"modified":"2025-07-23T22:03:24","modified_gmt":"2025-07-23T22:03:24","slug":"services-3","status":"publish","type":"page","link":"https:\/\/lotosleasing.com\/tr\/services-3\/","title":{"rendered":"Hizmetler"},"content":{"rendered":"<div data-elementor-type=\"wp-page\" data-elementor-id=\"667\" class=\"elementor elementor-667\">\n\t\t\t\t<div class=\"elementor-element elementor-element-2br2kmm8 twbb_section e-flex e-con-boxed e-con e-parent\" data-id=\"2br2kmm8\" data-element_type=\"container\" id=\"arctic-leasing-services-overview\">\n\t\t\t\t\t<div class=\"e-con-inner\">\n\t\t<div class=\"elementor-element elementor-element-0wj6lnok e-con-full e-flex e-con e-child\" data-id=\"0wj6lnok\" data-element_type=\"container\">\n\t\t\t\t<div class=\"elementor-element elementor-element-ciyzq3v7 elementor-widget__width-initial elementor-widget-mobile__width-inherit elementor-widget-tablet__width-initial twbb-headline--style-highlight elementor-widget elementor-widget-twbbanimated-headline\" data-id=\"ciyzq3v7\" data-element_type=\"widget\" data-settings=\"{&quot;highlighted_text&quot;:&quot;Leasing Solutions&quot;,&quot;marker&quot;:&quot;underline_zigzag&quot;,&quot;headline_style&quot;:&quot;highlight&quot;}\" data-widget_type=\"twbbanimated-headline.default\">\n\t\t\t\t<div class=\"elementor-widget-container\">\n\t\t\t\t\t    <h2 class=\"twbb-headline\">\n          <span class=\"twbb-headline-plain-text twbb-headline-text-wrapper\">Ki\u015fiye \u00d6zel \u00dcr\u00fcnlerimizi Ke\u015ffedin <\/span>\n        <span class=\"twbb-headline-dynamic-wrapper twbb-headline-text-wrapper\"><\/span>\n          <span class=\"twbb-headline-plain-text twbb-headline-text-wrapper\"> Kuzey Kutup B\u00f6lgesi i\u00e7in<\/span>\n        <\/h2>\n    \t\t\t\t<\/div>\n\t\t\t\t<\/div>\n\t\t\t\t<div class=\"elementor-element elementor-element-vziung14 elementor-widget__width-initial elementor-widget-mobile__width-inherit elementor-widget-tablet__width-initial elementor-invisible elementor-widget elementor-widget-text-editor\" data-id=\"vziung14\" data-element_type=\"widget\" data-settings=\"{&quot;_animation&quot;:&quot;fadeInUp&quot;}\" data-widget_type=\"text-editor.default\">\n\t\t\t\t<div class=\"elementor-widget-container\">\n\t\t\t\t\t\t\t\t\tLotos Leasing olarak, Kuzey Kutbu'nda faaliyet g\u00f6steren petrol ve gaz \u015firketlerinin kar\u015f\u0131la\u015ft\u0131\u011f\u0131 benzersiz zorluklar\u0131 anl\u0131yoruz. Bu nedenle, ba\u015far\u0131l\u0131 olmak i\u00e7in ihtiya\u00e7 duydu\u011funuz ekipman ve finansal esnekli\u011fi sa\u011flamak \u00fczere tasarlanm\u0131\u015f \u00f6zel leasing hizmetleri sunuyoruz. \u00c7\u00f6z\u00fcmlerimiz, Arktik ortam\u0131n\u0131n \u00f6zel taleplerini kar\u015f\u0131lamak \u00fczere uyarlanm\u0131\u015f olup, optimum performans ve maliyet etkinli\u011fi sa\u011flar.\t\t\t\t\t\t\t\t<\/div>\n\t\t\t\t<\/div>\n\t\t\t\t<\/div>\n\t\t<div class=\"elementor-element elementor-element-s27kfyev e-con-full e-flex e-con e-child\" data-id=\"s27kfyev\" data-element_type=\"container\">\n\t\t\t\t<div class=\"elementor-element elementor-element-xtbef5ah elementor-widget__width-initial elementor-widget-mobile__width-inherit elementor-widget-tablet__width-initial twbb_cta-button-wrapper-left twbb_cta-valign-align-space_between twbb_cta-position-image-top twbb_cta-tablet-position-image-top twbb_cta-mobile-position-image-top twbb_cta-button-wrapper-left twbb_cta-button-wrapper-center twbb_cta-position-button-bottom twbb_cta-tablet-position-button-bottom twbb_cta-mobile-position-button-bottom elementor-invisible elementor-widget elementor-widget-twbb_call-to-action\" data-id=\"xtbef5ah\" data-element_type=\"widget\" data-settings=\"{&quot;_animation&quot;:&quot;fadeInUp&quot;}\" data-widget_type=\"twbb_call-to-action.default\">\n\t\t\t\t<div class=\"elementor-widget-container\">\n\t\t\t\t\t    <div  class=\"twbb_cta-wrapper\">\n                  <div class=\"twbb_cta-image-background-wrapper\">\n          <span class=\"twbb_cta-image-background-overlay\"><\/span>\n                            <div class=\"twbb_cta-image-html-tag\">\n                                            <img decoding=\"async\" src=\"https:\/\/lotosleasing.com\/wp-content\/uploads\/2025\/06\/tenweb_media_sxuz2azsl.webp\" alt=\"A high-quality photograph depicting a modern drilling rig operating in a snowy Arctic landscape, under a clear blue sky. The image should convey a sense of technological advancement and environmental responsibility.\" >\n                                    <\/div>\n                    <\/div>\n        <div class=\"twbb_cta-content-wrapper\">\n    <div class=\"twbb_cta-content-inner\">\n                <h5 class=\"twbb_cta-title\">Geli\u015fmi\u015f Makine Kiralama<\/h5>\n                    <div class=\"twbb_cta-description\">M\u00fclkiyet y\u00fck\u00fc olmadan son teknoloji makinelere eri\u015fin. Kiralama se\u00e7eneklerimiz, operasyonel verimlili\u011finizi art\u0131rmak ve sermaye harcamalar\u0131n\u0131z\u0131 azaltmak i\u00e7in en son teknolojiyi sa\u011flar. Ekipman\u0131n\u0131z\u0131n her zaman g\u00fcncel olmas\u0131n\u0131 sa\u011fl\u0131yoruz.<\/div>\n              <\/div>\n    <div class=\"twbb_cta-button-wrapper\">\n        <div class=\"twbb_cta-buttons\">\n                    <div class=\"twbb_cta-button-item twbb_cta-button-item__two twbb_cta-button-enable-yes\">\n          <a href=\"https:\/\/lotosleasing.com\/tr\/contact\/\" class=\"elementor-button twbb_cta-button elementor-size- twbb_cta-button__two\"            >Daha Fazla Bilgi            <\/a>\n        <\/div>\n                  <\/div>\n    <\/div>\n  <\/div>\n        <\/div>\n\t\t\t\t<\/div>\n\t\t\t\t<\/div>\n\t\t\t\t<div class=\"elementor-element elementor-element-34tbeusr elementor-widget__width-initial elementor-widget-mobile__width-inherit elementor-widget-tablet__width-initial twbb_cta-button-wrapper-left twbb_cta-valign-align-space_between twbb_cta-position-image-top twbb_cta-tablet-position-image-top twbb_cta-mobile-position-image-top twbb_cta-button-wrapper-left twbb_cta-button-wrapper-center twbb_cta-position-button-bottom twbb_cta-tablet-position-button-bottom twbb_cta-mobile-position-button-bottom elementor-invisible elementor-widget elementor-widget-twbb_call-to-action\" data-id=\"34tbeusr\" data-element_type=\"widget\" data-settings=\"{&quot;_animation&quot;:&quot;fadeInUp&quot;}\" data-widget_type=\"twbb_call-to-action.default\">\n\t\t\t\t<div class=\"elementor-widget-container\">\n\t\t\t\t\t    <div  class=\"twbb_cta-wrapper\">\n                  <div class=\"twbb_cta-image-background-wrapper\">\n          <span class=\"twbb_cta-image-background-overlay\"><\/span>\n                            <div class=\"twbb_cta-image-html-tag\">\n                                            <img decoding=\"async\" src=\"https:\/\/lotosleasing.com\/wp-content\/uploads\/2025\/06\/tenweb_media_saj1tl9ob.webp\" alt=\"A photograph showcasing a variety of heavy-duty vehicles and equipment parked at a remote Arctic base, with workers in specialized gear performing maintenance tasks. The scene should emphasize the ruggedness and reliability of the equipment.\" >\n                                    <\/div>\n                    <\/div>\n        <div class=\"twbb_cta-content-wrapper\">\n    <div class=\"twbb_cta-content-inner\">\n                <h5 class=\"twbb_cta-title\">\u00d6zelle\u015ftirilmi\u015f Kiralama Programlar\u0131<\/h5>\n                    <div class=\"twbb_cta-description\">\u00d6zel proje gereksinimleriniz ve finansal hedeflerinizle uyumlu kiralama programlar\u0131 geli\u015ftirmek i\u00e7in sizinle yak\u0131n i\u015fbirli\u011fi i\u00e7inde \u00e7al\u0131\u015f\u0131yoruz. Esnek ko\u015fullar\u0131m\u0131z ve rekabet\u00e7i fiyatlar\u0131m\u0131z, yat\u0131r\u0131m\u0131n\u0131z i\u00e7in en iyi de\u011feri elde etmenizi sa\u011flar. \u0130htiya\u00e7lar\u0131n\u0131za uyum sa\u011fl\u0131yoruz.<\/div>\n              <\/div>\n    <div class=\"twbb_cta-button-wrapper\">\n        <div class=\"twbb_cta-buttons\">\n                    <div class=\"twbb_cta-button-item twbb_cta-button-item__two twbb_cta-button-enable-yes\">\n          <a href=\"https:\/\/lotosleasing.com\/tr\/contact\/\" class=\"elementor-button twbb_cta-button elementor-size- twbb_cta-button__two\"            >Daha Fazla Bilgi            <\/a>\n        <\/div>\n                  <\/div>\n    <\/div>\n  <\/div>\n        <\/div>\n\t\t\t\t<\/div>\n\t\t\t\t<\/div>\n\t\t\t\t<div class=\"elementor-element elementor-element-4xf95qui elementor-widget__width-initial elementor-widget-mobile__width-inherit elementor-widget-tablet__width-initial twbb_cta-button-wrapper-left twbb_cta-valign-align-space_between twbb_cta-position-image-top twbb_cta-tablet-position-image-top twbb_cta-mobile-position-image-top twbb_cta-button-wrapper-left twbb_cta-button-wrapper-center twbb_cta-position-button-bottom twbb_cta-tablet-position-button-bottom twbb_cta-mobile-position-button-bottom elementor-invisible elementor-widget elementor-widget-twbb_call-to-action\" data-id=\"4xf95qui\" data-element_type=\"widget\" data-settings=\"{&quot;_animation&quot;:&quot;fadeInUp&quot;}\" data-widget_type=\"twbb_call-to-action.default\">\n\t\t\t\t<div class=\"elementor-widget-container\">\n\t\t\t\t\t    <div  class=\"twbb_cta-wrapper\">\n                  <div class=\"twbb_cta-image-background-wrapper\">\n          <span class=\"twbb_cta-image-background-overlay\"><\/span>\n                            <div class=\"twbb_cta-image-html-tag\">\n                                            <img decoding=\"async\" src=\"https:\/\/lotosleasing.com\/wp-content\/uploads\/2025\/06\/tenweb_media_skcixa6pj.webp\" alt=\"A digital illustration depicting a network of interconnected pipelines and processing facilities in the Arctic, highlighting the importance of reliable infrastructure. The illustration should use a clean and modern design style.\" >\n                                    <\/div>\n                    <\/div>\n        <div class=\"twbb_cta-content-wrapper\">\n    <div class=\"twbb_cta-content-inner\">\n                <h5 class=\"twbb_cta-title\">Altyap\u0131 Geli\u015ftirme Deste\u011fi<\/h5>\n                    <div class=\"twbb_cta-description\">Kuzey Kutbu'nda kritik altyap\u0131n\u0131n in\u015fas\u0131 ve bak\u0131m\u0131 i\u00e7in gerekli ekipman\u0131 kiralay\u0131n. Hizmetlerimiz boru hatlar\u0131n\u0131n, i\u015fleme tesislerinin ve di\u011fer temel tesislerin geli\u015ftirilmesini destekleyerek g\u00fcvenilir ve s\u00fcrd\u00fcr\u00fclebilir operasyonlar sa\u011flar. \u0130n\u015fa etmenize yard\u0131mc\u0131 oluyoruz.<\/div>\n              <\/div>\n    <div class=\"twbb_cta-button-wrapper\">\n        <div class=\"twbb_cta-buttons\">\n                    <div class=\"twbb_cta-button-item twbb_cta-button-item__two twbb_cta-button-enable-yes\">\n          <a href=\"https:\/\/lotosleasing.com\/tr\/contact\/\" class=\"elementor-button twbb_cta-button elementor-size- twbb_cta-button__two\"            >Daha Fazla Bilgi            <\/a>\n        <\/div>\n                  <\/div>\n    <\/div>\n  <\/div>\n        <\/div>\n\t\t\t\t<\/div>\n\t\t\t\t<\/div>\n\t\t\t\t<\/div>\n\t\t\t\t\t<\/div>\n\t\t\t\t<\/div>\n\t\t<div class=\"elementor-element elementor-element-0w49q9az twbb_section e-flex e-con-boxed e-con e-parent\" data-id=\"0w49q9az\" data-element_type=\"container\" id=\"specialized-equipment-leasing-options\">\n\t\t\t\t\t<div class=\"e-con-inner\">\n\t\t\t\t<div class=\"elementor-element elementor-element-2k50gyyj elementor-widget__width-initial elementor-widget-mobile__width-inherit elementor-widget-tablet__width-initial twbb_cta-button-wrapper-center twbb_cta-valign-align-top twbb_cta-position-image-top twbb_cta-tablet-position-image-top twbb_cta-mobile-position-image-top twbb_cta-button-wrapper-center twbb_cta-button-wrapper-center twbb_cta-position-button-bottom twbb_cta-tablet-position-button-bottom twbb_cta-mobile-position-button-bottom elementor-invisible elementor-widget elementor-widget-twbb_call-to-action\" data-id=\"2k50gyyj\" data-element_type=\"widget\" data-settings=\"{&quot;_animation&quot;:&quot;fadeInUp&quot;}\" data-widget_type=\"twbb_call-to-action.default\">\n\t\t\t\t<div class=\"elementor-widget-container\">\n\t\t\t\t\t    <a href=\"#\" class=\"twbb_cta-wrapper\">\n                  <div class=\"twbb_cta-image-background-wrapper\">\n          <span class=\"twbb_cta-image-background-overlay\"><\/span>\n                            <div class=\"twbb_cta-image-html-tag\">\n                                            <img decoding=\"async\" src=\"https:\/\/lotosleasing.com\/wp-content\/uploads\/2025\/06\/tenweb_media_spilk9mrx.webp\" alt=\"A high-resolution photograph of a modern icebreaker ship navigating through thick Arctic ice, showcasing its robust design and capabilities in harsh conditions. The image should convey power and reliability.\" >\n                                    <\/div>\n                    <\/div>\n        <div class=\"twbb_cta-content-wrapper\">\n    <div class=\"twbb_cta-content-inner\">\n                <h5 class=\"twbb_cta-title\">Buzk\u0131ran Kiralama: Arktik Sularda Gezinmek<\/h5>\n                    <div class=\"twbb_cta-description\">Kritik Kuzey Kutbu b\u00f6lgelerine y\u0131l boyunca eri\u015fim sa\u011flamak, arama ve \u00fcretim faaliyetlerinizi verimli bir \u015fekilde desteklemek i\u00e7in geli\u015fmi\u015f buz k\u0131r\u0131c\u0131lar kiralay\u0131n.<\/div>\n              <\/div>\n    <div class=\"twbb_cta-button-wrapper\">\n        <div class=\"twbb_cta-buttons\">\n                        <\/div>\n    <\/div>\n  <\/div>\n        <\/a>\n\t\t\t\t<\/div>\n\t\t\t\t<\/div>\n\t\t\t\t<div class=\"elementor-element elementor-element-cnv1dbk0 elementor-widget__width-initial elementor-widget-mobile__width-inherit elementor-widget-tablet__width-initial twbb_cta-button-wrapper-center twbb_cta-valign-align-top twbb_cta-position-image-top twbb_cta-tablet-position-image-top twbb_cta-mobile-position-image-top twbb_cta-button-wrapper-center twbb_cta-button-wrapper-center twbb_cta-position-button-bottom twbb_cta-tablet-position-button-bottom twbb_cta-mobile-position-button-bottom elementor-invisible elementor-widget elementor-widget-twbb_call-to-action\" data-id=\"cnv1dbk0\" data-element_type=\"widget\" data-settings=\"{&quot;_animation&quot;:&quot;fadeInUp&quot;}\" data-widget_type=\"twbb_call-to-action.default\">\n\t\t\t\t<div class=\"elementor-widget-container\">\n\t\t\t\t\t    <a href=\"#\" class=\"twbb_cta-wrapper\">\n                  <div class=\"twbb_cta-image-background-wrapper\">\n          <span class=\"twbb_cta-image-background-overlay\"><\/span>\n                            <div class=\"twbb_cta-image-html-tag\">\n                                            <img decoding=\"async\" src=\"https:\/\/lotosleasing.com\/wp-content\/uploads\/2025\/06\/tenweb_media_skxoycjzh.webp\" alt=\"A detailed image of a cold-resistant drilling rig operating on a snow-covered Arctic landscape, emphasizing its specialized features and resilience to extreme temperatures.\" >\n                                    <\/div>\n                    <\/div>\n        <div class=\"twbb_cta-content-wrapper\">\n    <div class=\"twbb_cta-content-inner\">\n                <h5 class=\"twbb_cta-title\">Arktik Sondaj Makinalar\u0131: E\u015fsiz Performans<\/h5>\n                    <div class=\"twbb_cta-description\">\u00d6zel sondaj makinelerimiz en zorlu Arktik ko\u015fullar\u0131na dayanacak \u015fekilde tasarlanm\u0131\u015ft\u0131r ve projeleriniz i\u00e7in g\u00fcvenilir ve verimli kaynak \u00e7\u0131kar\u0131m\u0131 sa\u011flar.<\/div>\n              <\/div>\n    <div class=\"twbb_cta-button-wrapper\">\n        <div class=\"twbb_cta-buttons\">\n                        <\/div>\n    <\/div>\n  <\/div>\n        <\/a>\n\t\t\t\t<\/div>\n\t\t\t\t<\/div>\n\t\t\t\t<div class=\"elementor-element elementor-element-8o316m9w elementor-widget__width-initial elementor-widget-mobile__width-inherit elementor-widget-tablet__width-initial twbb_cta-button-wrapper-center twbb_cta-valign-align-top twbb_cta-position-image-top twbb_cta-tablet-position-image-top twbb_cta-mobile-position-image-top twbb_cta-button-wrapper-center twbb_cta-button-wrapper-center twbb_cta-position-button-bottom twbb_cta-tablet-position-button-bottom twbb_cta-mobile-position-button-bottom elementor-invisible elementor-widget elementor-widget-twbb_call-to-action\" data-id=\"8o316m9w\" data-element_type=\"widget\" data-settings=\"{&quot;_animation&quot;:&quot;fadeInUp&quot;}\" data-widget_type=\"twbb_call-to-action.default\">\n\t\t\t\t<div class=\"elementor-widget-container\">\n\t\t\t\t\t    <a href=\"#\" class=\"twbb_cta-wrapper\">\n                  <div class=\"twbb_cta-image-background-wrapper\">\n          <span class=\"twbb_cta-image-background-overlay\"><\/span>\n                            <div class=\"twbb_cta-image-html-tag\">\n                                            <img decoding=\"async\" src=\"https:\/\/lotosleasing.com\/wp-content\/uploads\/2025\/06\/tenweb_media_SYOJKKFFD.webp\" alt=\"A clear photograph of a heavy-duty pipeline laying vessel in action, demonstrating its ability to install pipelines in challenging Arctic marine environments.\" >\n                                    <\/div>\n                    <\/div>\n        <div class=\"twbb_cta-content-wrapper\">\n    <div class=\"twbb_cta-content-inner\">\n                <h5 class=\"twbb_cta-title\">Boru Hatt\u0131 D\u00f6\u015feme Gemileri: G\u00fcvenli Altyap\u0131<\/h5>\n                    <div class=\"twbb_cta-description\">Geli\u015fmi\u015f boru hatt\u0131 d\u00f6\u015feme gemilerimizi kritik altyap\u0131n\u0131n in\u015fas\u0131 ve bak\u0131m\u0131 i\u00e7in kiralayarak kaynaklar\u0131n Kuzey Kutbu boyunca g\u00fcvenli ve g\u00fcvenilir bir \u015fekilde ta\u015f\u0131nmas\u0131n\u0131 sa\u011flay\u0131n.<\/div>\n              <\/div>\n    <div class=\"twbb_cta-button-wrapper\">\n        <div class=\"twbb_cta-buttons\">\n                        <\/div>\n    <\/div>\n  <\/div>\n        <\/a>\n\t\t\t\t<\/div>\n\t\t\t\t<\/div>\n\t\t\t\t<div class=\"elementor-element elementor-element-6vjo3e0r elementor-widget__width-initial elementor-widget-mobile__width-inherit elementor-widget-tablet__width-initial twbb_cta-button-wrapper-center twbb_cta-valign-align-top twbb_cta-position-image-top twbb_cta-tablet-position-image-top twbb_cta-mobile-position-image-top twbb_cta-button-wrapper-center twbb_cta-button-wrapper-center twbb_cta-position-button-bottom twbb_cta-tablet-position-button-bottom twbb_cta-mobile-position-button-bottom elementor-invisible elementor-widget elementor-widget-twbb_call-to-action\" data-id=\"6vjo3e0r\" data-element_type=\"widget\" data-settings=\"{&quot;_animation&quot;:&quot;fadeInUp&quot;}\" data-widget_type=\"twbb_call-to-action.default\">\n\t\t\t\t<div class=\"elementor-widget-container\">\n\t\t\t\t\t    <a href=\"#\" class=\"twbb_cta-wrapper\">\n                  <div class=\"twbb_cta-image-background-wrapper\">\n          <span class=\"twbb_cta-image-background-overlay\"><\/span>\n                            <div class=\"twbb_cta-image-html-tag\">\n                                            <img decoding=\"async\" src=\"https:\/\/lotosleasing.com\/wp-content\/uploads\/2025\/06\/tenweb_media_s0ve6i0ri.webp\" alt=\"A photograph of a fleet of specialized transport vehicles (e.g., snowmobiles, all-terrain vehicles) moving equipment across a frozen Arctic landscape, highlighting their adaptability and utility.\" >\n                                    <\/div>\n                    <\/div>\n        <div class=\"twbb_cta-content-wrapper\">\n    <div class=\"twbb_cta-content-inner\">\n                <h5 class=\"twbb_cta-title\">\u00d6zel Ta\u015f\u0131mac\u0131l\u0131k: Arktik Hareketlilik<\/h5>\n                    <div class=\"twbb_cta-description\">\u00d6zel nakliye ara\u00e7lar\u0131ndan olu\u015fan filomuz, ekipman ve personelin zorlu Kuzey Kutbu arazisinde g\u00fcvenli ve verimli bir \u015fekilde hareket etmesini sa\u011flayarak operasyonlar\u0131n\u0131z\u0131 optimize eder.<\/div>\n              <\/div>\n    <div class=\"twbb_cta-button-wrapper\">\n        <div class=\"twbb_cta-buttons\">\n                        <\/div>\n    <\/div>\n  <\/div>\n        <\/a>\n\t\t\t\t<\/div>\n\t\t\t\t<\/div>\n\t\t\t\t\t<\/div>\n\t\t\t\t<\/div>\n\t\t\t\t<\/div>","protected":false},"excerpt":{"rendered":"<p>Discover Our Tailored for the Arctic Region At Lotos Leasing, we understand the unique challenges faced by oil and gas companies operating in the Arctic. That&#8217;s why we offer specialized leasing services designed to provide the equipment and financial flexibility you need to succeed. Our solutions are tailored to meet the specific demands of the [&hellip;]<\/p>","protected":false},"author":0,"featured_media":0,"parent":0,"menu_order":0,"comment_status":"closed","ping_status":"publish","template":"","meta":{"_acf_changed":false,"two_page_speed":[],"footnotes":""},"class_list":["post-667","page","type-page","status-publish","hentry"],"acf":[],"_links":{"self":[{"href":"https:\/\/lotosleasing.com\/tr\/wp-json\/wp\/v2\/pages\/667","targetHints":{"allow":["GET"]}}],"collection":[{"href":"https:\/\/lotosleasing.com\/tr\/wp-json\/wp\/v2\/pages"}],"about":[{"href":"https:\/\/lotosleasing.com\/tr\/wp-json\/wp\/v2\/types\/page"}],"replies":[{"embeddable":true,"href":"https:\/\/lotosleasing.com\/tr\/wp-json\/wp\/v2\/comments?post=667"}],"version-history":[{"count":0,"href":"https:\/\/lotosleasing.com\/tr\/wp-json\/wp\/v2\/pages\/667\/revisions"}],"wp:attachment":[{"href":"https:\/\/lotosleasing.com\/tr\/wp-json\/wp\/v2\/media?parent=667"}],"curies":[{"name":"wp","href":"https:\/\/api.w.org\/{rel}","templated":true}]}}