{"id":663,"date":"2025-06-30T16:31:03","date_gmt":"2025-06-30T16:31:03","guid":{"rendered":"https:\/\/lotosleasing.com\/about-us-4\/"},"modified":"2025-07-23T22:08:04","modified_gmt":"2025-07-23T22:08:04","slug":"about-us-4","status":"publish","type":"page","link":"https:\/\/lotosleasing.com\/tr\/about-us-4\/","title":{"rendered":"Hakk\u0131m\u0131zda"},"content":{"rendered":"<div data-elementor-type=\"wp-page\" data-elementor-id=\"663\" class=\"elementor elementor-663\">\n\t\t\t\t<div class=\"elementor-element elementor-element-hdzoaykr twbb_section e-flex e-con-boxed e-con e-parent\" data-id=\"hdzoaykr\" data-element_type=\"container\" id=\"our-history-and-mission\">\n\t\t\t\t\t<div class=\"e-con-inner\">\n\t\t<div class=\"elementor-element elementor-element-n3levz7e e-con-full e-flex e-con e-child\" data-id=\"n3levz7e\" data-element_type=\"container\">\n\t\t\t\t<div class=\"elementor-element elementor-element-0yrdhdqd elementor-widget__width-initial elementor-widget-mobile__width-inherit elementor-widget-tablet__width-initial elementor-invisible elementor-widget elementor-widget-heading\" data-id=\"0yrdhdqd\" data-element_type=\"widget\" data-settings=\"{&quot;_animation&quot;:&quot;fadeInUp&quot;}\" data-widget_type=\"heading.default\">\n\t\t\t\t<div class=\"elementor-widget-container\">\n\t\t\t\t\t<h2 class=\"elementor-heading-title elementor-size-default\">Yolculu\u011fumuz ve Temel De\u011ferlerimiz<\/h2>\t\t\t\t<\/div>\n\t\t\t\t<\/div>\n\t\t\t\t<div class=\"elementor-element elementor-element-5sw5pitn elementor-widget__width-initial elementor-widget-mobile__width-inherit elementor-widget-tablet__width-initial elementor-invisible elementor-widget elementor-widget-text-editor\" data-id=\"5sw5pitn\" data-element_type=\"widget\" data-settings=\"{&quot;_animation&quot;:&quot;fadeInUp&quot;}\" data-widget_type=\"text-editor.default\">\n\t\t\t\t<div class=\"elementor-widget-container\">\n\t\t\t\t\t\t\t\t\t<p>Lotos Leasing, 2025 y\u0131l\u0131ndan bu yana Kuzey Kutbu'nun zorlu ko\u015fullar\u0131nda faaliyet g\u00f6steren petrol ve gaz \u015firketleri i\u00e7in \u00f6zel leasing \u00e7\u00f6z\u00fcmleri sunma konusunda \u00f6n saflarda yer almaya \u00e7al\u0131\u015fmaktad\u0131r. Misyonumuz, Uzak Kuzey'de altyap\u0131 geli\u015fimini desteklemek, yenilik\u00e7i kiralama stratejileri yoluyla b\u00fcy\u00fcmeyi te\u015fvik etmek ve kripto para birimi de dahil olmak \u00fczere \u00e7e\u015fitli yat\u0131r\u0131mlar\u0131 \u00e7ekmektir. Kendimizi, d\u00fcnyan\u0131n en zorlu b\u00f6lgelerinden birinde ba\u015far\u0131l\u0131 olmalar\u0131 i\u00e7in m\u00fc\u015fterilerimizi g\u00fc\u00e7lendirmeye adad\u0131k.<\/p>\t\t\t\t\t\t\t\t<\/div>\n\t\t\t\t<\/div>\n\t\t<div class=\"elementor-element elementor-element-22etxzk2 e-con-full e-flex e-con e-child\" data-id=\"22etxzk2\" data-element_type=\"container\">\n\t\t<div class=\"elementor-element elementor-element-7uf13fe6 e-con-full e-flex e-con e-child\" data-id=\"7uf13fe6\" data-element_type=\"container\">\n\t\t\t\t<div class=\"elementor-element elementor-element-rvutpz6q elementor-widget__width-auto elementor-widget-mobile__width-auto elementor-widget-tablet__width-initial elementor-widget elementor-widget-counter\" data-id=\"rvutpz6q\" data-element_type=\"widget\" data-widget_type=\"counter.default\">\n\t\t\t\t<div class=\"elementor-widget-container\">\n\t\t\t\t\t\t\t<div class=\"elementor-counter\">\n\t\t\t<div class=\"elementor-counter-title\">2027 y\u0131l\u0131 sonuna kadar \u00f6zel kripto para yat\u0131r\u0131mlar\u0131nda en az 300 milyon rublenin leasing havuzuna \u00e7ekilmesi<\/div>\t\t\t<div class=\"elementor-counter-number-wrapper\">\n\t\t\t\t<span class=\"elementor-counter-number-prefix\"><\/span>\n\t\t\t\t<span class=\"elementor-counter-number\" data-duration=\"2000\" data-to-value=\"3.7\" data-from-value=\"0\">0<\/span>\n\t\t\t\t<span class=\"elementor-counter-number-suffix\"> milyon $<\/span>\n\t\t\t<\/div>\n\t\t<\/div>\n\t\t\t\t\t\t<\/div>\n\t\t\t\t<\/div>\n\t\t\t\t<\/div>\n\t\t<div class=\"elementor-element elementor-element-g173ddra e-con-full e-flex e-con e-child\" data-id=\"g173ddra\" data-element_type=\"container\">\n\t\t\t\t<div class=\"elementor-element elementor-element-k3hnehwd elementor-widget__width-auto elementor-widget-mobile__width-auto elementor-widget-tablet__width-initial elementor-widget elementor-widget-counter\" data-id=\"k3hnehwd\" data-element_type=\"widget\" data-widget_type=\"counter.default\">\n\t\t\t\t<div class=\"elementor-widget-container\">\n\t\t\t\t\t\t\t<div class=\"elementor-counter\">\n\t\t\t<div class=\"elementor-counter-title\">2027 y\u0131l\u0131na kadar yabanc\u0131 ortaklarla en az 3 ortak yat\u0131r\u0131m program\u0131 ba\u015flat\u0131lmas\u0131<\/div>\t\t\t<div class=\"elementor-counter-number-wrapper\">\n\t\t\t\t<span class=\"elementor-counter-number-prefix\"><\/span>\n\t\t\t\t<span class=\"elementor-counter-number\" data-duration=\"2000\" data-to-value=\"3\" data-from-value=\"0\">0<\/span>\n\t\t\t\t<span class=\"elementor-counter-number-suffix\"><\/span>\n\t\t\t<\/div>\n\t\t<\/div>\n\t\t\t\t\t\t<\/div>\n\t\t\t\t<\/div>\n\t\t\t\t<\/div>\n\t\t\t\t<\/div>\n\t\t<div class=\"elementor-element elementor-element-yyyquxfg e-con-full e-flex e-con e-child\" data-id=\"yyyquxfg\" data-element_type=\"container\">\n\t\t<div class=\"elementor-element elementor-element-1d48k8el e-con-full e-flex e-con e-child\" data-id=\"1d48k8el\" data-element_type=\"container\">\n\t\t\t\t<div class=\"elementor-element elementor-element-bf2lr1j4 elementor-widget__width-auto elementor-widget-mobile__width-auto elementor-widget-tablet__width-initial elementor-widget elementor-widget-counter\" data-id=\"bf2lr1j4\" data-element_type=\"widget\" data-widget_type=\"counter.default\">\n\t\t\t\t<div class=\"elementor-widget-container\">\n\t\t\t\t\t\t\t<div class=\"elementor-counter\">\n\t\t\t<div class=\"elementor-counter-title\">Arctic \u015firketleri i\u00e7in leasing anla\u015fmalar\u0131n\u0131n onay s\u00fcresinin 90%'lik ba\u015fvurularda 5 i\u015f g\u00fcn\u00fcne indirilmesi<\/div>\t\t\t<div class=\"elementor-counter-number-wrapper\">\n\t\t\t\t<span class=\"elementor-counter-number-prefix\"><\/span>\n\t\t\t\t<span class=\"elementor-counter-number\" data-duration=\"2000\" data-to-value=\"5\" data-from-value=\"0\">0<\/span>\n\t\t\t\t<span class=\"elementor-counter-number-suffix\"> g\u00fcnler<\/span>\n\t\t\t<\/div>\n\t\t<\/div>\n\t\t\t\t\t\t<\/div>\n\t\t\t\t<\/div>\n\t\t\t\t<\/div>\n\t\t<div class=\"elementor-element elementor-element-19gtcqkt e-con-full e-flex e-con e-child\" data-id=\"19gtcqkt\" data-element_type=\"container\">\n\t\t\t\t<div class=\"elementor-element elementor-element-vjtfscpc elementor-widget__width-auto elementor-widget-mobile__width-auto elementor-widget-tablet__width-initial elementor-widget elementor-widget-counter\" data-id=\"vjtfscpc\" data-element_type=\"widget\" data-widget_type=\"counter.default\">\n\t\t\t\t<div class=\"elementor-widget-container\">\n\t\t\t\t\t\t\t<div class=\"elementor-counter\">\n\t\t\t<div class=\"elementor-counter-title\">Kuzey Kutbu projeleri i\u00e7in 2027 y\u0131l\u0131 sonuna kadar toplamda en az 18,5 milyon $ finansman sa\u011flanmas\u0131<\/div>\t\t\t<div class=\"elementor-counter-number-wrapper\">\n\t\t\t\t<span class=\"elementor-counter-number-prefix\"><\/span>\n\t\t\t\t<span class=\"elementor-counter-number\" data-duration=\"2000\" data-to-value=\"18.7\" data-from-value=\"0\">0<\/span>\n\t\t\t\t<span class=\"elementor-counter-number-suffix\"> milyon $<\/span>\n\t\t\t<\/div>\n\t\t<\/div>\n\t\t\t\t\t\t<\/div>\n\t\t\t\t<\/div>\n\t\t\t\t<\/div>\n\t\t\t\t<\/div>\n\t\t\t\t<\/div>\n\t\t\t\t<div class=\"elementor-element elementor-element-ki0mawjn elementor-widget__width-initial elementor-widget-mobile__width-inherit elementor-widget-tablet__width-initial elementor-widget elementor-widget-image\" data-id=\"ki0mawjn\" data-element_type=\"widget\" data-widget_type=\"image.default\">\n\t\t\t\t<div class=\"elementor-widget-container\">\n\t\t\t\t\t\t\t\t\t\t\t\t\t\t\t<img fetchpriority=\"high\" decoding=\"async\" width=\"1024\" height=\"1024\" src=\"https:\/\/lotosleasing.com\/wp-content\/uploads\/2025\/06\/tenweb_media_sym6ktkta.webp\" class=\"attachment-full size-full wp-image-49\" alt=\"\" srcset=\"https:\/\/lotosleasing.com\/wp-content\/uploads\/2025\/06\/tenweb_media_sym6ktkta.webp 1024w, https:\/\/lotosleasing.com\/wp-content\/uploads\/2025\/06\/tenweb_media_sym6ktkta-768x768.webp 768w\" sizes=\"(max-width: 1024px) 100vw, 1024px\" \/>\t\t\t\t\t\t\t\t\t\t\t\t\t\t\t<\/div>\n\t\t\t\t<\/div>\n\t\t\t\t\t<\/div>\n\t\t\t\t<\/div>\n\t\t<div class=\"elementor-element elementor-element-rvfd6zl0 twbb_section e-flex e-con-boxed e-con e-parent\" data-id=\"rvfd6zl0\" data-element_type=\"container\" id=\"arctic-expertise-and-solutions\">\n\t\t\t\t\t<div class=\"e-con-inner\">\n\t\t<div class=\"elementor-element elementor-element-xkcpaho0 e-con-full e-flex e-con e-child\" data-id=\"xkcpaho0\" data-element_type=\"container\">\n\t\t\t\t<div class=\"elementor-element elementor-element-4ruv3wkw elementor-widget__width-initial elementor-widget-mobile__width-inherit elementor-widget-tablet__width-initial twbb-headline--style-highlight elementor-widget elementor-widget-twbbanimated-headline\" data-id=\"4ruv3wkw\" data-element_type=\"widget\" data-settings=\"{&quot;highlighted_text&quot;:&quot;Arctic Expertise&quot;,&quot;marker&quot;:&quot;underline_zigzag&quot;,&quot;headline_style&quot;:&quot;highlight&quot;}\" data-widget_type=\"twbbanimated-headline.default\">\n\t\t\t\t<div class=\"elementor-widget-container\">\n\t\t\t\t\t    <h2 class=\"twbb-headline\">\n          <span class=\"twbb-headline-plain-text twbb-headline-text-wrapper\">Bizim <\/span>\n        <span class=\"twbb-headline-dynamic-wrapper twbb-headline-text-wrapper\"><\/span>\n          <span class=\"twbb-headline-plain-text twbb-headline-text-wrapper\"> E\u015fsiz Leasing \u00c7\u00f6z\u00fcmleri Sunar<\/span>\n        <\/h2>\n    \t\t\t\t<\/div>\n\t\t\t\t<\/div>\n\t\t\t\t<div class=\"elementor-element elementor-element-439661zh elementor-widget__width-initial elementor-widget-mobile__width-inherit elementor-widget-tablet__width-initial elementor-invisible elementor-widget elementor-widget-text-editor\" data-id=\"439661zh\" data-element_type=\"widget\" data-settings=\"{&quot;_animation&quot;:&quot;fadeInUp&quot;}\" data-widget_type=\"text-editor.default\">\n\t\t\t\t<div class=\"elementor-widget-container\">\n\t\t\t\t\t\t\t\t\t<p>Lotos Leasing, 2025 y\u0131l\u0131ndan bu yana Rusya'n\u0131n Arktik b\u00f6lgesinde \u00f6zel leasing hizmetleri sa\u011flamada \u00f6n saflarda yer almaktad\u0131r. Uzak Kuzey'de faaliyet g\u00f6steren petrol ve gaz \u015firketlerinin kar\u015f\u0131la\u015ft\u0131\u011f\u0131 benzersiz zorluklar\u0131 derinlemesine anlamam\u0131z, verimlili\u011fi ve ba\u015far\u0131y\u0131 art\u0131ran \u00f6zel \u00e7\u00f6z\u00fcmler sunmam\u0131z\u0131 sa\u011fl\u0131yor.<\/p>\t\t\t\t\t\t\t\t<\/div>\n\t\t\t\t<\/div>\n\t\t\t\t<\/div>\n\t\t<div class=\"elementor-element elementor-element-svi3g51o e-con-full e-flex e-con e-child\" data-id=\"svi3g51o\" data-element_type=\"container\">\n\t\t\t\t<div class=\"elementor-element elementor-element-cqzesd60 elementor-widget__width-initial elementor-widget-mobile__width-inherit elementor-widget-tablet__width-initial twbb_cta-button-wrapper-left twbb_cta-valign-align-space_between twbb_cta-position-image-top twbb_cta-tablet-position-image-top twbb_cta-mobile-position-image-top twbb_cta-button-wrapper-left twbb_cta-button-wrapper-center twbb_cta-position-button-bottom twbb_cta-tablet-position-button-bottom twbb_cta-mobile-position-button-bottom elementor-invisible elementor-widget elementor-widget-twbb_call-to-action\" data-id=\"cqzesd60\" data-element_type=\"widget\" data-settings=\"{&quot;_animation&quot;:&quot;fadeInUp&quot;}\" data-widget_type=\"twbb_call-to-action.default\">\n\t\t\t\t<div class=\"elementor-widget-container\">\n\t\t\t\t\t    <div  class=\"twbb_cta-wrapper\">\n                  <div class=\"twbb_cta-image-background-wrapper\">\n          <span class=\"twbb_cta-image-background-overlay\"><\/span>\n                            <div class=\"twbb_cta-image-html-tag\">\n                                            <img decoding=\"async\" src=\"https:\/\/lotosleasing.com\/wp-content\/uploads\/2025\/06\/tenweb_media_skzme27yo.webp\" alt=\"A high-quality photograph depicting a modern drilling rig operating in a snowy Arctic landscape, with the Northern Lights visible in the background. The image should convey a sense of technological advancement and environmental awareness.\" >\n                                    <\/div>\n                    <\/div>\n        <div class=\"twbb_cta-content-wrapper\">\n    <div class=\"twbb_cta-content-inner\">\n                <h5 class=\"twbb_cta-title\">Geli\u015fmi\u015f Makine Kiralama<\/h5>\n                    <div class=\"twbb_cta-description\">Kuzey Kutbu'nun zorlu ko\u015fullar\u0131 i\u00e7in \u00f6zel olarak tasarlanm\u0131\u015f geli\u015fmi\u015f makine ve ekipmanlar i\u00e7in kiralama \u00e7\u00f6z\u00fcmleri sunuyoruz. Tekliflerimiz, petrol ve gaz \u015firketlerinin Uzak Kuzey'de verimli ve g\u00fcvenli bir \u015fekilde faaliyet g\u00f6stermelerini sa\u011fl\u0131yor.<\/div>\n              <\/div>\n    <div class=\"twbb_cta-button-wrapper\">\n        <div class=\"twbb_cta-buttons\">\n                    <div class=\"twbb_cta-button-item twbb_cta-button-item__two twbb_cta-button-enable-yes\">\n          <a href=\"https:\/\/lotosleasing.com\/tr\/contact\/\" class=\"elementor-button twbb_cta-button elementor-size- twbb_cta-button__two\"            >Daha Fazla Bilgi            <\/a>\n        <\/div>\n                  <\/div>\n    <\/div>\n  <\/div>\n        <\/div>\n\t\t\t\t<\/div>\n\t\t\t\t<\/div>\n\t\t\t\t<div class=\"elementor-element elementor-element-l2ivs05a elementor-widget__width-initial elementor-widget-mobile__width-inherit elementor-widget-tablet__width-initial twbb_cta-button-wrapper-left twbb_cta-valign-align-space_between twbb_cta-position-image-top twbb_cta-tablet-position-image-top twbb_cta-mobile-position-image-top twbb_cta-button-wrapper-left twbb_cta-button-wrapper-center twbb_cta-position-button-bottom twbb_cta-tablet-position-button-bottom twbb_cta-mobile-position-button-bottom elementor-invisible elementor-widget elementor-widget-twbb_call-to-action\" data-id=\"l2ivs05a\" data-element_type=\"widget\" data-settings=\"{&quot;_animation&quot;:&quot;fadeInUp&quot;}\" data-widget_type=\"twbb_call-to-action.default\">\n\t\t\t\t<div class=\"elementor-widget-container\">\n\t\t\t\t\t    <div  class=\"twbb_cta-wrapper\">\n                  <div class=\"twbb_cta-image-background-wrapper\">\n          <span class=\"twbb_cta-image-background-overlay\"><\/span>\n                            <div class=\"twbb_cta-image-html-tag\">\n                                            <img decoding=\"async\" src=\"https:\/\/lotosleasing.com\/wp-content\/uploads\/2025\/07\/image_0.webp\"  >\n                                    <\/div>\n                    <\/div>\n        <div class=\"twbb_cta-content-wrapper\">\n    <div class=\"twbb_cta-content-inner\">\n                <h5 class=\"twbb_cta-title\">Uzman Bak\u0131m ve Destek<\/h5>\n                    <div class=\"twbb_cta-description\">Taahh\u00fcd\u00fcm\u00fcz kiralaman\u0131n \u00f6tesine uzan\u0131yor. Kiralad\u0131\u011f\u0131n\u0131z ekipman\u0131n optimum performans\u0131n\u0131 ve uzun \u00f6m\u00fcrl\u00fcl\u00fc\u011f\u00fcn\u00fc sa\u011flamak, ar\u0131za s\u00fcresini en aza indirmek ve \u00fcretkenli\u011fi en \u00fcst d\u00fczeye \u00e7\u0131karmak i\u00e7in kapsaml\u0131 bak\u0131m ve destek hizmetleri sunuyoruz.<\/div>\n              <\/div>\n    <div class=\"twbb_cta-button-wrapper\">\n        <div class=\"twbb_cta-buttons\">\n                    <div class=\"twbb_cta-button-item twbb_cta-button-item__two twbb_cta-button-enable-yes\">\n          <a href=\"https:\/\/lotosleasing.com\/tr\/contact\/\" class=\"elementor-button twbb_cta-button elementor-size- twbb_cta-button__two\"            >Daha Fazla Bilgi            <\/a>\n        <\/div>\n                  <\/div>\n    <\/div>\n  <\/div>\n        <\/div>\n\t\t\t\t<\/div>\n\t\t\t\t<\/div>\n\t\t\t\t<div class=\"elementor-element elementor-element-urr4zisc elementor-widget__width-initial elementor-widget-mobile__width-inherit elementor-widget-tablet__width-initial twbb_cta-button-wrapper-left twbb_cta-valign-align-space_between twbb_cta-position-image-top twbb_cta-tablet-position-image-top twbb_cta-mobile-position-image-top twbb_cta-button-wrapper-left twbb_cta-button-wrapper-center twbb_cta-position-button-bottom twbb_cta-tablet-position-button-bottom twbb_cta-mobile-position-button-bottom elementor-invisible elementor-widget elementor-widget-twbb_call-to-action\" data-id=\"urr4zisc\" data-element_type=\"widget\" data-settings=\"{&quot;_animation&quot;:&quot;fadeInUp&quot;}\" data-widget_type=\"twbb_call-to-action.default\">\n\t\t\t\t<div class=\"elementor-widget-container\">\n\t\t\t\t\t    <div  class=\"twbb_cta-wrapper\">\n                  <div class=\"twbb_cta-image-background-wrapper\">\n          <span class=\"twbb_cta-image-background-overlay\"><\/span>\n                            <div class=\"twbb_cta-image-html-tag\">\n                                            <img decoding=\"async\" src=\"https:\/\/lotosleasing.com\/wp-content\/uploads\/2025\/06\/tenweb_media_svsycp8ad.webp\" alt=\"An aerial photograph of a well-developed oil and gas infrastructure project in the Arctic, showcasing pipelines, storage tanks, and processing facilities. The image should highlight the scale and complexity of Arctic operations.\" >\n                                    <\/div>\n                    <\/div>\n        <div class=\"twbb_cta-content-wrapper\">\n    <div class=\"twbb_cta-content-inner\">\n                <h5 class=\"twbb_cta-title\">Altyap\u0131 Geli\u015ftirme<\/h5>\n                    <div class=\"twbb_cta-description\">Lotos Leasing, en son teknolojilere ve ekipmanlara eri\u015fim sa\u011flayarak Kuzey Kutbu'ndaki kritik altyap\u0131n\u0131n geli\u015ftirilmesini desteklemektedir. Petrol ve gaz \u015firketlerini Uzak Kuzey'de s\u00fcrd\u00fcr\u00fclebilir bir gelecek in\u015fa etmeleri i\u00e7in g\u00fc\u00e7lendiriyoruz.<\/div>\n              <\/div>\n    <div class=\"twbb_cta-button-wrapper\">\n        <div class=\"twbb_cta-buttons\">\n                    <div class=\"twbb_cta-button-item twbb_cta-button-item__two twbb_cta-button-enable-yes\">\n          <a href=\"https:\/\/lotosleasing.com\/tr\/contact\/\" class=\"elementor-button twbb_cta-button elementor-size- twbb_cta-button__two\"            >Daha Fazla Bilgi            <\/a>\n        <\/div>\n                  <\/div>\n    <\/div>\n  <\/div>\n        <\/div>\n\t\t\t\t<\/div>\n\t\t\t\t<\/div>\n\t\t\t\t<\/div>\n\t\t\t\t\t<\/div>\n\t\t\t\t<\/div>\n\t\t\t\t<\/div>","protected":false},"excerpt":{"rendered":"<p>Our Journey and Core Values Since 2025, Lotos Leasing strives to be at the forefront of providing specialized leasing solutions for oil and gas companies operating in the extreme Arctic environment. Our mission is to support infrastructure development in the Far North, fostering growth through innovative leasing strategies and attracting diverse investments, including cryptocurrency. We [&hellip;]<\/p>","protected":false},"author":0,"featured_media":0,"parent":0,"menu_order":0,"comment_status":"closed","ping_status":"publish","template":"","meta":{"_acf_changed":false,"two_page_speed":[],"footnotes":""},"class_list":["post-663","page","type-page","status-publish","hentry"],"acf":[],"_links":{"self":[{"href":"https:\/\/lotosleasing.com\/tr\/wp-json\/wp\/v2\/pages\/663","targetHints":{"allow":["GET"]}}],"collection":[{"href":"https:\/\/lotosleasing.com\/tr\/wp-json\/wp\/v2\/pages"}],"about":[{"href":"https:\/\/lotosleasing.com\/tr\/wp-json\/wp\/v2\/types\/page"}],"replies":[{"embeddable":true,"href":"https:\/\/lotosleasing.com\/tr\/wp-json\/wp\/v2\/comments?post=663"}],"version-history":[{"count":0,"href":"https:\/\/lotosleasing.com\/tr\/wp-json\/wp\/v2\/pages\/663\/revisions"}],"wp:attachment":[{"href":"https:\/\/lotosleasing.com\/tr\/wp-json\/wp\/v2\/media?parent=663"}],"curies":[{"name":"wp","href":"https:\/\/api.w.org\/{rel}","templated":true}]}}