{"id":520,"date":"2025-06-30T13:33:31","date_gmt":"2025-06-30T13:33:31","guid":{"rendered":"https:\/\/lotosleasing.com\/leasing-solutions\/"},"modified":"2025-07-22T14:11:17","modified_gmt":"2025-07-22T14:11:17","slug":"leasing-solutions","status":"publish","type":"page","link":"https:\/\/lotosleasing.com\/tr\/leasing-solutions\/","title":{"rendered":"Leasing \u00c7\u00f6z\u00fcmleri"},"content":{"rendered":"<div data-elementor-type=\"wp-page\" data-elementor-id=\"520\" class=\"elementor elementor-520\">\n\t\t\t\t<div class=\"elementor-element elementor-element-1vjs6l78 twbb_section e-flex e-con-boxed e-con e-parent\" data-id=\"1vjs6l78\" data-element_type=\"container\" id=\"arctic-leasing-solutions\">\n\t\t\t\t\t<div class=\"e-con-inner\">\n\t\t\t\t<div class=\"elementor-element elementor-element-8fd8vxdy elementor-widget__width-initial elementor-widget-mobile__width-inherit elementor-widget-tablet__width-initial twbb_cta-button-wrapper-center twbb_cta-valign-align-top twbb_cta-position-image-top twbb_cta-tablet-position-image-top twbb_cta-mobile-position-image-top twbb_cta-button-wrapper-center twbb_cta-button-wrapper-center twbb_cta-position-button-bottom twbb_cta-tablet-position-button-bottom twbb_cta-mobile-position-button-bottom elementor-invisible elementor-widget elementor-widget-twbb_call-to-action\" data-id=\"8fd8vxdy\" data-element_type=\"widget\" data-settings=\"{&quot;_animation&quot;:&quot;fadeInUp&quot;}\" data-widget_type=\"twbb_call-to-action.default\">\n\t\t\t\t<div class=\"elementor-widget-container\">\n\t\t\t\t\t    <a href=\"#\" class=\"twbb_cta-wrapper\">\n                  <div class=\"twbb_cta-image-background-wrapper\">\n          <span class=\"twbb_cta-image-background-overlay\"><\/span>\n                            <div class=\"twbb_cta-image-html-tag\">\n                                            <img decoding=\"async\" src=\"https:\/\/lotosleasing.com\/wp-content\/uploads\/2025\/06\/tenweb_media_s7kigcbce.webp\" alt=\"A high-quality photograph of specialized drilling equipment operating in a snowy Arctic landscape, emphasizing the harsh conditions and the need for robust machinery.\" >\n                                    <\/div>\n                    <\/div>\n        <div class=\"twbb_cta-content-wrapper\">\n    <div class=\"twbb_cta-content-inner\">\n                <h5 class=\"twbb_cta-title\">Sondaj Ekipman\u0131 Kiralama<\/h5>\n                    <div class=\"twbb_cta-description\">Arktik ko\u015fullar i\u00e7in tasarlanm\u0131\u015f geli\u015fmi\u015f sondaj makineleri kiralay\u0131n. G\u00fcvenilir ekipman ve bak\u0131m hizmetlerimizle ar\u0131za s\u00fcresini en aza indirin ve verimlili\u011fi en \u00fcst d\u00fczeye \u00e7\u0131kar\u0131n.<\/div>\n              <\/div>\n    <div class=\"twbb_cta-button-wrapper\">\n        <div class=\"twbb_cta-buttons\">\n                        <\/div>\n    <\/div>\n  <\/div>\n        <\/a>\n\t\t\t\t<\/div>\n\t\t\t\t<\/div>\n\t\t\t\t<div class=\"elementor-element elementor-element-u3xyni6k elementor-widget__width-initial elementor-widget-mobile__width-inherit elementor-widget-tablet__width-initial twbb_cta-button-wrapper-center twbb_cta-valign-align-top twbb_cta-position-image-top twbb_cta-tablet-position-image-top twbb_cta-mobile-position-image-top twbb_cta-button-wrapper-center twbb_cta-button-wrapper-center twbb_cta-position-button-bottom twbb_cta-tablet-position-button-bottom twbb_cta-mobile-position-button-bottom elementor-invisible elementor-widget elementor-widget-twbb_call-to-action\" data-id=\"u3xyni6k\" data-element_type=\"widget\" data-settings=\"{&quot;_animation&quot;:&quot;fadeInUp&quot;}\" data-widget_type=\"twbb_call-to-action.default\">\n\t\t\t\t<div class=\"elementor-widget-container\">\n\t\t\t\t\t    <a href=\"#\" class=\"twbb_cta-wrapper\">\n                  <div class=\"twbb_cta-image-background-wrapper\">\n          <span class=\"twbb_cta-image-background-overlay\"><\/span>\n                            <div class=\"twbb_cta-image-html-tag\">\n                                            <img decoding=\"async\" src=\"https:\/\/lotosleasing.com\/wp-content\/uploads\/2025\/06\/tenweb_media_sgtshygvn.webp\" alt=\"A detailed image of a heavy-duty transport vehicle navigating icy terrain, highlighting its capacity and durability in extreme cold.\" >\n                                    <\/div>\n                    <\/div>\n        <div class=\"twbb_cta-content-wrapper\">\n    <div class=\"twbb_cta-content-inner\">\n                <h5 class=\"twbb_cta-title\">A\u011f\u0131r Nakliye \u00c7\u00f6z\u00fcmleri<\/h5>\n                    <div class=\"twbb_cta-description\">Kuzey Kutbu'nda ekipman ve personel ta\u015f\u0131mak i\u00e7in g\u00fcvenilir nakliye ara\u00e7lar\u0131n\u0131 g\u00fcvence alt\u0131na al\u0131n. Kiralama se\u00e7eneklerimiz zorlu ortamlarda operasyonel s\u00fcreklilik sa\u011flar.<\/div>\n              <\/div>\n    <div class=\"twbb_cta-button-wrapper\">\n        <div class=\"twbb_cta-buttons\">\n                        <\/div>\n    <\/div>\n  <\/div>\n        <\/a>\n\t\t\t\t<\/div>\n\t\t\t\t<\/div>\n\t\t\t\t<div class=\"elementor-element elementor-element-erz4mx96 elementor-widget__width-initial elementor-widget-mobile__width-inherit elementor-widget-tablet__width-initial twbb_cta-button-wrapper-center twbb_cta-valign-align-top twbb_cta-position-image-top twbb_cta-tablet-position-image-top twbb_cta-mobile-position-image-top twbb_cta-button-wrapper-center twbb_cta-button-wrapper-center twbb_cta-position-button-bottom twbb_cta-tablet-position-button-bottom twbb_cta-mobile-position-button-bottom elementor-invisible elementor-widget elementor-widget-twbb_call-to-action\" data-id=\"erz4mx96\" data-element_type=\"widget\" data-settings=\"{&quot;_animation&quot;:&quot;fadeInUp&quot;}\" data-widget_type=\"twbb_call-to-action.default\">\n\t\t\t\t<div class=\"elementor-widget-container\">\n\t\t\t\t\t    <a href=\"#\" class=\"twbb_cta-wrapper\">\n                  <div class=\"twbb_cta-image-background-wrapper\">\n          <span class=\"twbb_cta-image-background-overlay\"><\/span>\n                            <div class=\"twbb_cta-image-html-tag\">\n                                            <img decoding=\"async\" src=\"https:\/\/lotosleasing.com\/wp-content\/uploads\/2025\/06\/tenweb_media_sb8rucaqh.webp\" alt=\"A photograph of a modular housing unit designed for Arctic conditions, showcasing its insulation and self-sufficiency.\" >\n                                    <\/div>\n                    <\/div>\n        <div class=\"twbb_cta-content-wrapper\">\n    <div class=\"twbb_cta-content-inner\">\n                <h5 class=\"twbb_cta-title\">Mod\u00fcler Konut Kiralamalar\u0131<\/h5>\n                    <div class=\"twbb_cta-description\">Tedarik etti\u011fimiz mod\u00fcler \u00fcnitelerle i\u015fg\u00fcc\u00fcn\u00fcz i\u00e7in konforlu ve g\u00fcvenli bar\u0131nma imkan\u0131 sa\u011flay\u0131n. Bunlar a\u015f\u0131r\u0131 s\u0131cakl\u0131klara dayanacak ve temel kolayl\u0131klar\u0131 sunacak \u015fekilde tasarlanm\u0131\u015ft\u0131r.<\/div>\n              <\/div>\n    <div class=\"twbb_cta-button-wrapper\">\n        <div class=\"twbb_cta-buttons\">\n                        <\/div>\n    <\/div>\n  <\/div>\n        <\/a>\n\t\t\t\t<\/div>\n\t\t\t\t<\/div>\n\t\t\t\t<div class=\"elementor-element elementor-element-29djlf4b elementor-widget__width-initial elementor-widget-mobile__width-inherit elementor-widget-tablet__width-initial twbb_cta-button-wrapper-center twbb_cta-valign-align-top twbb_cta-position-image-top twbb_cta-tablet-position-image-top twbb_cta-mobile-position-image-top twbb_cta-button-wrapper-center twbb_cta-button-wrapper-center twbb_cta-position-button-bottom twbb_cta-tablet-position-button-bottom twbb_cta-mobile-position-button-bottom elementor-invisible elementor-widget elementor-widget-twbb_call-to-action\" data-id=\"29djlf4b\" data-element_type=\"widget\" data-settings=\"{&quot;_animation&quot;:&quot;fadeInUp&quot;}\" data-widget_type=\"twbb_call-to-action.default\">\n\t\t\t\t<div class=\"elementor-widget-container\">\n\t\t\t\t\t    <a href=\"#\" class=\"twbb_cta-wrapper\">\n                  <div class=\"twbb_cta-image-background-wrapper\">\n          <span class=\"twbb_cta-image-background-overlay\"><\/span>\n                            <div class=\"twbb_cta-image-html-tag\">\n                                            <img decoding=\"async\" src=\"https:\/\/lotosleasing.com\/wp-content\/uploads\/2025\/06\/tenweb_media_swpjqmuvn.webp\" alt=\"An aerial view of a pipeline construction site in the Arctic, showing the scale of infrastructure required for oil and gas operations.\" >\n                                    <\/div>\n                    <\/div>\n        <div class=\"twbb_cta-content-wrapper\">\n    <div class=\"twbb_cta-content-inner\">\n                <h5 class=\"twbb_cta-title\">Boru Hatt\u0131 Altyap\u0131 Kiralama<\/h5>\n                    <div class=\"twbb_cta-description\">Esnek kiralama programlar\u0131m\u0131z arac\u0131l\u0131\u011f\u0131yla temel boru hatt\u0131 altyap\u0131s\u0131na eri\u015fin. Modern ve bak\u0131ml\u0131 sistemlerimizle kaynaklar\u0131n g\u00fcvenli ve verimli bir \u015fekilde ta\u015f\u0131nmas\u0131n\u0131 sa\u011flay\u0131n.<\/div>\n              <\/div>\n    <div class=\"twbb_cta-button-wrapper\">\n        <div class=\"twbb_cta-buttons\">\n                        <\/div>\n    <\/div>\n  <\/div>\n        <\/a>\n\t\t\t\t<\/div>\n\t\t\t\t<\/div>\n\t\t\t\t\t<\/div>\n\t\t\t\t<\/div>\n\t\t<div class=\"elementor-element elementor-element-wpjc6nze twbb_section e-flex e-con-boxed e-con e-parent\" data-id=\"wpjc6nze\" data-element_type=\"container\" id=\"detailed-leasing-options\">\n\t\t\t\t\t<div class=\"e-con-inner\">\n\t\t\t\t<div class=\"elementor-element elementor-element-xogye40u elementor-widget__width-initial elementor-widget-mobile__width-inherit elementor-widget-tablet__width-initial twbb_cta-button-wrapper-center twbb_cta-valign-align-top twbb_cta-position-image-top twbb_cta-tablet-position-image-top twbb_cta-mobile-position-image-top twbb_cta-button-wrapper-center twbb_cta-button-wrapper-center twbb_cta-position-button-bottom twbb_cta-tablet-position-button-bottom twbb_cta-mobile-position-button-bottom elementor-invisible elementor-widget elementor-widget-twbb_call-to-action\" data-id=\"xogye40u\" data-element_type=\"widget\" data-settings=\"{&quot;_animation&quot;:&quot;fadeInUp&quot;}\" data-widget_type=\"twbb_call-to-action.default\">\n\t\t\t\t<div class=\"elementor-widget-container\">\n\t\t\t\t\t    <a href=\"#\" class=\"twbb_cta-wrapper\">\n                  <div class=\"twbb_cta-image-background-wrapper\">\n          <span class=\"twbb_cta-image-background-overlay\"><\/span>\n                            <div class=\"twbb_cta-image-html-tag\">\n                                            <img decoding=\"async\" src=\"https:\/\/lotosleasing.com\/wp-content\/uploads\/2025\/07\/image_0-3.webp\"  >\n                                    <\/div>\n                    <\/div>\n        <div class=\"twbb_cta-content-wrapper\">\n    <div class=\"twbb_cta-content-inner\">\n                <h5 class=\"twbb_cta-title\">Arktik Sondaj Ekipman\u0131 Kiralama<\/h5>\n                    <div class=\"twbb_cta-description\">A\u015f\u0131r\u0131 so\u011fu\u011fa dayanacak \u015fekilde \u00fcretilmi\u015f geli\u015fmi\u015f sondaj makineleri kiralayarak en zorlu Arktik ortamlarda bile verimli kaynak \u00e7\u0131kar\u0131m\u0131 sa\u011flar.<\/div>\n              <\/div>\n    <div class=\"twbb_cta-button-wrapper\">\n        <div class=\"twbb_cta-buttons\">\n                        <\/div>\n    <\/div>\n  <\/div>\n        <\/a>\n\t\t\t\t<\/div>\n\t\t\t\t<\/div>\n\t\t\t\t<div class=\"elementor-element elementor-element-ytlq60tx elementor-widget__width-initial elementor-widget-mobile__width-inherit elementor-widget-tablet__width-initial twbb_cta-button-wrapper-center twbb_cta-valign-align-top twbb_cta-position-image-top twbb_cta-tablet-position-image-top twbb_cta-mobile-position-image-top twbb_cta-button-wrapper-center twbb_cta-button-wrapper-center twbb_cta-position-button-bottom twbb_cta-tablet-position-button-bottom twbb_cta-mobile-position-button-bottom elementor-invisible elementor-widget elementor-widget-twbb_call-to-action\" data-id=\"ytlq60tx\" data-element_type=\"widget\" data-settings=\"{&quot;_animation&quot;:&quot;fadeInUp&quot;}\" data-widget_type=\"twbb_call-to-action.default\">\n\t\t\t\t<div class=\"elementor-widget-container\">\n\t\t\t\t\t    <a href=\"#\" class=\"twbb_cta-wrapper\">\n                  <div class=\"twbb_cta-image-background-wrapper\">\n          <span class=\"twbb_cta-image-background-overlay\"><\/span>\n                            <div class=\"twbb_cta-image-html-tag\">\n                                            <img decoding=\"async\" src=\"https:\/\/lotosleasing.com\/wp-content\/uploads\/2025\/07\/ChatGPT-Image-22-\u0438\u044e\u043b\u044f-2025-\u0433.-17_09_01.png\"  >\n                                    <\/div>\n                    <\/div>\n        <div class=\"twbb_cta-content-wrapper\">\n    <div class=\"twbb_cta-content-inner\">\n                <h5 class=\"twbb_cta-title\">A\u011f\u0131r Nakliye Arac\u0131 Kiralama<\/h5>\n                    <div class=\"twbb_cta-description\">Temel malzeme ve ekipmanlar\u0131n Kuzey Kutbu boyunca ta\u015f\u0131nmas\u0131 i\u00e7in g\u00fcvenilir nakliye \u00e7\u00f6z\u00fcmleri sunarak ar\u0131za s\u00fcresini en aza indirin ve operasyonel verimlili\u011fi en \u00fcst d\u00fczeye \u00e7\u0131kar\u0131n.<\/div>\n              <\/div>\n    <div class=\"twbb_cta-button-wrapper\">\n        <div class=\"twbb_cta-buttons\">\n                        <\/div>\n    <\/div>\n  <\/div>\n        <\/a>\n\t\t\t\t<\/div>\n\t\t\t\t<\/div>\n\t\t\t\t<div class=\"elementor-element elementor-element-xxef6ks5 elementor-widget__width-initial elementor-widget-mobile__width-inherit elementor-widget-tablet__width-initial twbb_cta-button-wrapper-center twbb_cta-valign-align-top twbb_cta-position-image-top twbb_cta-tablet-position-image-top twbb_cta-mobile-position-image-top twbb_cta-button-wrapper-center twbb_cta-button-wrapper-center twbb_cta-position-button-bottom twbb_cta-tablet-position-button-bottom twbb_cta-mobile-position-button-bottom elementor-invisible elementor-widget elementor-widget-twbb_call-to-action\" data-id=\"xxef6ks5\" data-element_type=\"widget\" data-settings=\"{&quot;_animation&quot;:&quot;fadeInUp&quot;}\" data-widget_type=\"twbb_call-to-action.default\">\n\t\t\t\t<div class=\"elementor-widget-container\">\n\t\t\t\t\t    <a href=\"#\" class=\"twbb_cta-wrapper\">\n                  <div class=\"twbb_cta-image-background-wrapper\">\n          <span class=\"twbb_cta-image-background-overlay\"><\/span>\n                            <div class=\"twbb_cta-image-html-tag\">\n                                            <img decoding=\"async\" src=\"https:\/\/lotosleasing.com\/wp-content\/uploads\/2025\/07\/image_0-2.webp\"  >\n                                    <\/div>\n                    <\/div>\n        <div class=\"twbb_cta-content-wrapper\">\n    <div class=\"twbb_cta-content-inner\">\n                <h5 class=\"twbb_cta-title\">Mod\u00fcler Konut \u00dcnitesi Kiralama<\/h5>\n                    <div class=\"twbb_cta-description\">Uzak yerlerde kolay kurulum ve enerji verimlili\u011fi i\u00e7in tasarlanm\u0131\u015f, tedarik edilen mod\u00fcler konut \u00fcnitelerimizle i\u015f g\u00fcc\u00fcn\u00fcz i\u00e7in konforlu ve g\u00fcvenli ya\u015fam alanlar\u0131 sa\u011flay\u0131n.<\/div>\n              <\/div>\n    <div class=\"twbb_cta-button-wrapper\">\n        <div class=\"twbb_cta-buttons\">\n                        <\/div>\n    <\/div>\n  <\/div>\n        <\/a>\n\t\t\t\t<\/div>\n\t\t\t\t<\/div>\n\t\t\t\t<div class=\"elementor-element elementor-element-nu5xf67p elementor-widget__width-initial elementor-widget-mobile__width-inherit elementor-widget-tablet__width-initial twbb_cta-button-wrapper-center twbb_cta-valign-align-top twbb_cta-position-image-top twbb_cta-tablet-position-image-top twbb_cta-mobile-position-image-top twbb_cta-button-wrapper-center twbb_cta-button-wrapper-center twbb_cta-position-button-bottom twbb_cta-tablet-position-button-bottom twbb_cta-mobile-position-button-bottom elementor-invisible elementor-widget elementor-widget-twbb_call-to-action\" data-id=\"nu5xf67p\" data-element_type=\"widget\" data-settings=\"{&quot;_animation&quot;:&quot;fadeInUp&quot;}\" data-widget_type=\"twbb_call-to-action.default\">\n\t\t\t\t<div class=\"elementor-widget-container\">\n\t\t\t\t\t    <a href=\"#\" class=\"twbb_cta-wrapper\">\n                  <div class=\"twbb_cta-image-background-wrapper\">\n          <span class=\"twbb_cta-image-background-overlay\"><\/span>\n                            <div class=\"twbb_cta-image-html-tag\">\n                                            <img decoding=\"async\" src=\"https:\/\/lotosleasing.com\/wp-content\/uploads\/2025\/07\/image_0-1.webp\"  >\n                                    <\/div>\n                    <\/div>\n        <div class=\"twbb_cta-content-wrapper\">\n    <div class=\"twbb_cta-content-inner\">\n                <h5 class=\"twbb_cta-title\">Ta\u015f\u0131nabilir Jenerat\u00f6r Kiralama<\/h5>\n                    <div class=\"twbb_cta-description\">A\u015f\u0131r\u0131 so\u011fuk ve uzak Arktik konumlarda g\u00fcvenilir performans i\u00e7in tasarlanm\u0131\u015f, tedarik edilen ta\u015f\u0131nabilir jenerat\u00f6rlerimizle kesintisiz g\u00fc\u00e7 kayna\u011f\u0131 sa\u011flay\u0131n.<\/div>\n              <\/div>\n    <div class=\"twbb_cta-button-wrapper\">\n        <div class=\"twbb_cta-buttons\">\n                        <\/div>\n    <\/div>\n  <\/div>\n        <\/a>\n\t\t\t\t<\/div>\n\t\t\t\t<\/div>\n\t\t\t\t\t<\/div>\n\t\t\t\t<\/div>\n\t\t\t\t<\/div>","protected":false},"excerpt":{"rendered":"<p>Drilling Equipment Leasing Lease advanced drilling rigs designed for Arctic conditions. Minimize downtime and maximize efficiency with our reliable equipment and maintenance services. Heavy Transport Solutions Secure reliable transport vehicles for moving equipment and personnel across the Arctic. Our leasing options ensure operational continuity in challenging environments. Modular Housing Leases Provide comfortable and safe housing [&hellip;]<\/p>","protected":false},"author":0,"featured_media":0,"parent":0,"menu_order":0,"comment_status":"closed","ping_status":"publish","template":"","meta":{"_acf_changed":false,"two_page_speed":[],"footnotes":""},"class_list":["post-520","page","type-page","status-publish","hentry"],"acf":[],"_links":{"self":[{"href":"https:\/\/lotosleasing.com\/tr\/wp-json\/wp\/v2\/pages\/520","targetHints":{"allow":["GET"]}}],"collection":[{"href":"https:\/\/lotosleasing.com\/tr\/wp-json\/wp\/v2\/pages"}],"about":[{"href":"https:\/\/lotosleasing.com\/tr\/wp-json\/wp\/v2\/types\/page"}],"replies":[{"embeddable":true,"href":"https:\/\/lotosleasing.com\/tr\/wp-json\/wp\/v2\/comments?post=520"}],"version-history":[{"count":0,"href":"https:\/\/lotosleasing.com\/tr\/wp-json\/wp\/v2\/pages\/520\/revisions"}],"wp:attachment":[{"href":"https:\/\/lotosleasing.com\/tr\/wp-json\/wp\/v2\/media?parent=520"}],"curies":[{"name":"wp","href":"https:\/\/api.w.org\/{rel}","templated":true}]}}