{"id":158,"date":"2025-06-30T11:33:37","date_gmt":"2025-06-30T11:33:37","guid":{"rendered":"https:\/\/lotosleasing.com\/investment-opportunities-in-arctic-oil-gas\/"},"modified":"2025-06-30T11:33:40","modified_gmt":"2025-06-30T11:33:40","slug":"investment-opportunities-in-arctic-oil-gas","status":"publish","type":"page","link":"https:\/\/lotosleasing.com\/tr\/investment-opportunities-in-arctic-oil-gas\/","title":{"rendered":"Investment Opportunities in Arctic Oil &#038; Gas"},"content":{"rendered":"<div data-elementor-type=\"wp-page\" data-elementor-id=\"158\" class=\"elementor elementor-158\">\n\t\t\t\t<div class=\"elementor-element elementor-element-mnjvdv9t twbb_section twbb_full_h e-con-boxed e-flex e-con e-parent\" data-id=\"mnjvdv9t\" data-element_type=\"container\" id=\"hero-section-of-the-page-for-service-investment-opportunities-in-arctic-oil-gas\" data-settings=\"{&quot;background_background&quot;:&quot;classic&quot;,&quot;background_motion_fx_motion_fx_scrolling&quot;:&quot;yes&quot;,&quot;background_motion_fx_scale_effect&quot;:&quot;yes&quot;,&quot;background_motion_fx_scale_speed&quot;:{&quot;unit&quot;:&quot;px&quot;,&quot;size&quot;:7,&quot;sizes&quot;:[]},&quot;background_motion_fx_scale_direction&quot;:&quot;out-in&quot;,&quot;background_motion_fx_scale_range&quot;:{&quot;unit&quot;:&quot;%&quot;,&quot;size&quot;:&quot;&quot;,&quot;sizes&quot;:{&quot;start&quot;:20,&quot;end&quot;:80}},&quot;background_motion_fx_devices&quot;:[&quot;desktop&quot;,&quot;tablet&quot;,&quot;mobile&quot;]}\">\n\t\t\t\t\t<div class=\"e-con-inner\">\n\t\t\t\t<div class=\"elementor-element elementor-element-8tkwerqw elementor-widget__width-initial elementor-widget-mobile__width-inherit elementor-widget-tablet__width-initial twbb-headline--style-highlight elementor-widget elementor-widget-twbbanimated-headline\" data-id=\"8tkwerqw\" data-element_type=\"widget\" data-settings=\"{&quot;highlighted_text&quot;:&quot;Arctic Oil &amp; Gas&quot;,&quot;marker&quot;:&quot;underline_zigzag&quot;,&quot;headline_style&quot;:&quot;highlight&quot;}\" data-widget_type=\"twbbanimated-headline.default\">\n\t\t\t\t<div class=\"elementor-widget-container\">\n\t\t\t\t\t    <h1 class=\"twbb-headline\">\n          <span class=\"twbb-headline-plain-text twbb-headline-text-wrapper\">Kilit a\u00e7ma <\/span>\n        <span class=\"twbb-headline-dynamic-wrapper twbb-headline-text-wrapper\"><\/span>\n          <span class=\"twbb-headline-plain-text twbb-headline-text-wrapper\"> Potansiyel<\/span>\n        <\/h1>\n    \t\t\t\t<\/div>\n\t\t\t\t<\/div>\n\t\t\t\t<div class=\"elementor-element elementor-element-z3l70m93 elementor-widget__width-initial elementor-widget-mobile__width-inherit elementor-widget-tablet__width-initial elementor-invisible elementor-widget elementor-widget-text-editor\" data-id=\"z3l70m93\" data-element_type=\"widget\" data-settings=\"{&quot;_animation&quot;:&quot;fadeInUp&quot;}\" data-widget_type=\"text-editor.default\">\n\t\t\t\t<div class=\"elementor-widget-container\">\n\t\t\t\t\t\t\t\t\tKuzey Kutbu'nun gelecek vaat eden petrol ve gaz sekt\u00f6r\u00fcndeki \u00f6zel yat\u0131r\u0131m f\u0131rsatlar\u0131n\u0131 ke\u015ffedin. Arctic Leasing Solutions, yat\u0131r\u0131mlar\u0131n\u0131z\u0131n bu benzersiz ortamda geli\u015fmesini sa\u011flamak i\u00e7in kapsaml\u0131 destek ve stratejik i\u00e7g\u00f6r\u00fcler sa\u011flar. Potansiyeli y\u00fcksek Arktik pazar\u0131ndan yararlanmak i\u00e7in bizimle ortakl\u0131k kurun.\t\t\t\t\t\t\t\t<\/div>\n\t\t\t\t<\/div>\n\t\t<div class=\"elementor-element elementor-element-l1o74kh1 e-con-full e-flex e-con e-parent\" data-id=\"l1o74kh1\" data-element_type=\"container\">\n\t\t\t\t<div class=\"elementor-element elementor-element-fvatxarf elementor-align-right elementor-mobile-align-center elementor-widget elementor-widget-button\" data-id=\"fvatxarf\" data-element_type=\"widget\" data-widget_type=\"button.default\">\n\t\t\t\t<div class=\"elementor-widget-container\">\n\t\t\t\t\t\t\t\t\t<div class=\"elementor-button-wrapper\">\n\t\t\t\t\t<a class=\"elementor-button elementor-button-link elementor-size-sm\" href=\"#investment-opportunities\">\n\t\t\t\t\t\t<span class=\"elementor-button-content-wrapper\">\n\t\t\t\t\t\t\t\t\t<span class=\"elementor-button-text\">Daha Fazla Bilgi<\/span>\n\t\t\t\t\t<\/span>\n\t\t\t\t\t<\/a>\n\t\t\t\t<\/div>\n\t\t\t\t\t\t\t\t<\/div>\n\t\t\t\t<\/div>\n\t\t\t\t<div class=\"elementor-element elementor-element-2spidmr8 elementor-align-left elementor-mobile-align-center elementor-widget elementor-widget-button\" data-id=\"2spidmr8\" data-element_type=\"widget\" data-widget_type=\"button.default\">\n\t\t\t\t<div class=\"elementor-widget-container\">\n\t\t\t\t\t\t\t\t\t<div class=\"elementor-button-wrapper\">\n\t\t\t\t\t<a class=\"elementor-button elementor-button-link elementor-size-sm\" href=\"https:\/\/lotosleasing.com\/tr\/contact\/\">\n\t\t\t\t\t\t<span class=\"elementor-button-content-wrapper\">\n\t\t\t\t\t\t\t\t\t<span class=\"elementor-button-text\">Bize Ula\u015f\u0131n<\/span>\n\t\t\t\t\t<\/span>\n\t\t\t\t\t<\/a>\n\t\t\t\t<\/div>\n\t\t\t\t\t\t\t\t<\/div>\n\t\t\t\t<\/div>\n\t\t\t\t<\/div>\n\t\t\t\t\t<\/div>\n\t\t\t\t<\/div>\n\t\t<div class=\"elementor-element elementor-element-5fxrbfdo twbb_section e-con-boxed e-flex e-con e-parent\" data-id=\"5fxrbfdo\" data-element_type=\"container\" id=\"details-section-of-the-page-for-service-investment-opportunities-in-arctic-oil-gas\">\n\t\t\t\t\t<div class=\"e-con-inner\">\n\t\t<div class=\"elementor-element elementor-element-fur6kp8i e-con-full e-flex e-con e-parent\" data-id=\"fur6kp8i\" data-element_type=\"container\">\n\t\t\t\t<div class=\"elementor-element elementor-element-94ty39xm elementor-widget__width-initial elementor-widget-mobile__width-inherit elementor-widget-tablet__width-initial elementor-invisible elementor-widget elementor-widget-heading\" data-id=\"94ty39xm\" data-element_type=\"widget\" data-settings=\"{&quot;_animation&quot;:&quot;fadeInUp&quot;}\" data-widget_type=\"heading.default\">\n\t\t\t\t<div class=\"elementor-widget-container\">\n\t\t\t\t\t<h2 class=\"elementor-heading-title elementor-size-default\">Neden Arktik Petrol ve Gaza Yat\u0131r\u0131m Yapmal\u0131?<\/h2>\t\t\t\t<\/div>\n\t\t\t\t<\/div>\n\t\t\t\t<div class=\"elementor-element elementor-element-7llyi6co elementor-widget__width-initial elementor-widget-mobile__width-inherit elementor-widget-tablet__width-initial elementor-invisible elementor-widget elementor-widget-text-editor\" data-id=\"7llyi6co\" data-element_type=\"widget\" data-settings=\"{&quot;_animation&quot;:&quot;fadeInUp&quot;}\" data-widget_type=\"text-editor.default\">\n\t\t\t\t<div class=\"elementor-widget-container\">\n\t\t\t\t\t\t\t\t\tYat\u0131r\u0131m stratejileri konusunda uzman rehberli\u011fi ile desteklenen y\u00fcksek potansiyelli Arktik petrol ve gaz projelerine \u00f6zel eri\u015fim elde edin. Sekt\u00f6r liderleriyle i\u015fbirli\u011fi yap\u0131n ve h\u0131zla b\u00fcy\u00fcyen bu sekt\u00f6rde y\u00fcksek getiri potansiyelini ortaya \u00e7\u0131kararak Kuzey Kutbu enerjisinin gelece\u011findeki pay\u0131n\u0131z\u0131 garantileyin.\t\t\t\t\t\t\t\t<\/div>\n\t\t\t\t<\/div>\n\t\t\t\t<\/div>\n\t\t\t\t<div class=\"elementor-element elementor-element-hxh30qq7 elementor-widget__width-initial elementor-widget-mobile__width-inherit elementor-widget-tablet__width-initial elementor-widget elementor-widget-image\" data-id=\"hxh30qq7\" data-element_type=\"widget\" data-widget_type=\"image.default\">\n\t\t\t\t<div class=\"elementor-widget-container\">\n\t\t\t\t\t\t\t\t\t\t\t\t\t\t\t<img fetchpriority=\"high\" decoding=\"async\" width=\"1024\" height=\"576\" src=\"https:\/\/lotosleasing.com\/wp-content\/uploads\/2025\/06\/tenweb_media_SJ4G7SWTY.webp\" class=\"attachment-full size-full wp-image-136\" alt=\"\" srcset=\"https:\/\/lotosleasing.com\/wp-content\/uploads\/2025\/06\/tenweb_media_SJ4G7SWTY.webp 1024w, https:\/\/lotosleasing.com\/wp-content\/uploads\/2025\/06\/tenweb_media_SJ4G7SWTY-300x169.webp 300w, https:\/\/lotosleasing.com\/wp-content\/uploads\/2025\/06\/tenweb_media_SJ4G7SWTY-768x432.webp 768w, https:\/\/lotosleasing.com\/wp-content\/uploads\/2025\/06\/tenweb_media_SJ4G7SWTY-600x338.webp 600w\" sizes=\"(max-width: 1024px) 100vw, 1024px\" \/>\t\t\t\t\t\t\t\t\t\t\t\t\t\t\t<\/div>\n\t\t\t\t<\/div>\n\t\t\t\t\t<\/div>\n\t\t\t\t<\/div>\n\t\t\t\t<\/div>","protected":false},"excerpt":{"rendered":"","protected":false},"author":0,"featured_media":0,"parent":0,"menu_order":0,"comment_status":"closed","ping_status":"publish","template":"","meta":{"_acf_changed":false,"two_page_speed":[],"footnotes":""},"class_list":["post-158","page","type-page","status-publish","hentry"],"acf":[],"_links":{"self":[{"href":"https:\/\/lotosleasing.com\/tr\/wp-json\/wp\/v2\/pages\/158","targetHints":{"allow":["GET"]}}],"collection":[{"href":"https:\/\/lotosleasing.com\/tr\/wp-json\/wp\/v2\/pages"}],"about":[{"href":"https:\/\/lotosleasing.com\/tr\/wp-json\/wp\/v2\/types\/page"}],"replies":[{"embeddable":true,"href":"https:\/\/lotosleasing.com\/tr\/wp-json\/wp\/v2\/comments?post=158"}],"version-history":[{"count":0,"href":"https:\/\/lotosleasing.com\/tr\/wp-json\/wp\/v2\/pages\/158\/revisions"}],"wp:attachment":[{"href":"https:\/\/lotosleasing.com\/tr\/wp-json\/wp\/v2\/media?parent=158"}],"curies":[{"name":"wp","href":"https:\/\/api.w.org\/{rel}","templated":true}]}}