{"id":157,"date":"2025-06-30T11:33:37","date_gmt":"2025-06-30T11:33:37","guid":{"rendered":"https:\/\/lotosleasing.com\/innovative-climate-solutions\/"},"modified":"2025-06-30T11:33:40","modified_gmt":"2025-06-30T11:33:40","slug":"innovative-climate-solutions","status":"publish","type":"page","link":"https:\/\/lotosleasing.com\/tr\/innovative-climate-solutions\/","title":{"rendered":"Innovative Climate Solutions"},"content":{"rendered":"<div data-elementor-type=\"wp-page\" data-elementor-id=\"157\" class=\"elementor elementor-157\">\n\t\t\t\t<div class=\"elementor-element elementor-element-ujhi3ytc twbb_section twbb_full_h e-con-boxed e-flex e-con e-parent\" data-id=\"ujhi3ytc\" data-element_type=\"container\" id=\"hero-section-of-the-page-for-service-innovative-climate-solutions\" data-settings=\"{&quot;background_background&quot;:&quot;classic&quot;,&quot;background_motion_fx_motion_fx_scrolling&quot;:&quot;yes&quot;,&quot;background_motion_fx_scale_effect&quot;:&quot;yes&quot;,&quot;background_motion_fx_scale_speed&quot;:{&quot;unit&quot;:&quot;px&quot;,&quot;size&quot;:7,&quot;sizes&quot;:[]},&quot;background_motion_fx_scale_direction&quot;:&quot;out-in&quot;,&quot;background_motion_fx_scale_range&quot;:{&quot;unit&quot;:&quot;%&quot;,&quot;size&quot;:&quot;&quot;,&quot;sizes&quot;:{&quot;start&quot;:20,&quot;end&quot;:80}},&quot;background_motion_fx_devices&quot;:[&quot;desktop&quot;,&quot;tablet&quot;,&quot;mobile&quot;]}\">\n\t\t\t\t\t<div class=\"e-con-inner\">\n\t\t\t\t<div class=\"elementor-element elementor-element-dh4n37vh elementor-widget__width-initial elementor-widget-mobile__width-inherit elementor-widget-tablet__width-initial twbb-headline--style-highlight elementor-widget elementor-widget-twbbanimated-headline\" data-id=\"dh4n37vh\" data-element_type=\"widget\" data-settings=\"{&quot;highlighted_text&quot;:&quot;Innovative&quot;,&quot;marker&quot;:&quot;underline_zigzag&quot;,&quot;headline_style&quot;:&quot;highlight&quot;}\" data-widget_type=\"twbbanimated-headline.default\">\n\t\t\t\t<div class=\"elementor-widget-container\">\n\t\t\t\t\t    <h1 class=\"twbb-headline\">\n        <span class=\"twbb-headline-dynamic-wrapper twbb-headline-text-wrapper\"><\/span>\n          <span class=\"twbb-headline-plain-text twbb-headline-text-wrapper\"> i\u00e7in \u0130klim \u00c7\u00f6z\u00fcmleri <em>Arktik<\/em><\/span>\n        <\/h1>\n    \t\t\t\t<\/div>\n\t\t\t\t<\/div>\n\t\t\t\t<div class=\"elementor-element elementor-element-f44skj4y elementor-widget__width-initial elementor-widget-mobile__width-inherit elementor-widget-tablet__width-initial elementor-invisible elementor-widget elementor-widget-text-editor\" data-id=\"f44skj4y\" data-element_type=\"widget\" data-settings=\"{&quot;_animation&quot;:&quot;fadeInUp&quot;}\" data-widget_type=\"text-editor.default\">\n\t\t\t\t<div class=\"elementor-widget-container\">\n\t\t\t\t\t\t\t\t\tArctic Leasing Solutions, operasyonlar\u0131 optimize etmek ve \u00e7evresel etkiyi azaltmak i\u00e7in tasarlanm\u0131\u015f iklime \u00f6zg\u00fc teknoloji ve altyap\u0131 sa\u011flar. \u00c7\u00f6z\u00fcmlerimiz, Kuzey Kutbu'nun zorlu ko\u015fullar\u0131nda g\u00fcvenilir ve s\u00fcrd\u00fcr\u00fclebilir kiralama sa\u011flamakta, petrol ve gaz end\u00fcstrisini en son teknolojiyle desteklemektedir.\t\t\t\t\t\t\t\t<\/div>\n\t\t\t\t<\/div>\n\t\t<div class=\"elementor-element elementor-element-yaqos3mc e-con-full e-flex e-con e-parent\" data-id=\"yaqos3mc\" data-element_type=\"container\">\n\t\t\t\t<div class=\"elementor-element elementor-element-cev28gqt elementor-align-right elementor-mobile-align-center elementor-widget elementor-widget-button\" data-id=\"cev28gqt\" data-element_type=\"widget\" data-widget_type=\"button.default\">\n\t\t\t\t<div class=\"elementor-widget-container\">\n\t\t\t\t\t\t\t\t\t<div class=\"elementor-button-wrapper\">\n\t\t\t\t\t<a class=\"elementor-button elementor-button-link elementor-size-sm\" href=\"#climate-solutions\">\n\t\t\t\t\t\t<span class=\"elementor-button-content-wrapper\">\n\t\t\t\t\t\t\t\t\t<span class=\"elementor-button-text\">Daha Fazla Bilgi<\/span>\n\t\t\t\t\t<\/span>\n\t\t\t\t\t<\/a>\n\t\t\t\t<\/div>\n\t\t\t\t\t\t\t\t<\/div>\n\t\t\t\t<\/div>\n\t\t\t\t<div class=\"elementor-element elementor-element-p0b9rww5 elementor-align-left elementor-mobile-align-center elementor-widget elementor-widget-button\" data-id=\"p0b9rww5\" data-element_type=\"widget\" data-widget_type=\"button.default\">\n\t\t\t\t<div class=\"elementor-widget-container\">\n\t\t\t\t\t\t\t\t\t<div class=\"elementor-button-wrapper\">\n\t\t\t\t\t<a class=\"elementor-button elementor-button-link elementor-size-sm\" href=\"https:\/\/lotosleasing.com\/tr\/services\/\">\n\t\t\t\t\t\t<span class=\"elementor-button-content-wrapper\">\n\t\t\t\t\t\t\t\t\t<span class=\"elementor-button-text\">Hizmetlerimiz<\/span>\n\t\t\t\t\t<\/span>\n\t\t\t\t\t<\/a>\n\t\t\t\t<\/div>\n\t\t\t\t\t\t\t\t<\/div>\n\t\t\t\t<\/div>\n\t\t\t\t<\/div>\n\t\t\t\t\t<\/div>\n\t\t\t\t<\/div>\n\t\t<div class=\"elementor-element elementor-element-6yp2cqgo twbb_section e-con-boxed e-flex e-con e-parent\" data-id=\"6yp2cqgo\" data-element_type=\"container\" id=\"details-section-of-the-page-for-service-innovative-climate-solutions\">\n\t\t\t\t\t<div class=\"e-con-inner\">\n\t\t<div class=\"elementor-element elementor-element-inn04axd e-con-full e-flex e-con e-parent\" data-id=\"inn04axd\" data-element_type=\"container\">\n\t\t\t\t<div class=\"elementor-element elementor-element-0k1ljfyd elementor-widget__width-initial elementor-widget-mobile__width-inherit elementor-widget-tablet__width-initial elementor-invisible elementor-widget elementor-widget-heading\" data-id=\"0k1ljfyd\" data-element_type=\"widget\" data-settings=\"{&quot;_animation&quot;:&quot;fadeInUp&quot;}\" data-widget_type=\"heading.default\">\n\t\t\t\t<div class=\"elementor-widget-container\">\n\t\t\t\t\t<h2 class=\"elementor-heading-title elementor-size-default\">\u0130klim \u00c7\u00f6z\u00fcmlerimizin Temel Faydalar\u0131<\/h2>\t\t\t\t<\/div>\n\t\t\t\t<\/div>\n\t\t\t\t<div class=\"elementor-element elementor-element-zudaoybo elementor-widget__width-initial elementor-widget-mobile__width-inherit elementor-widget-tablet__width-initial elementor-invisible elementor-widget elementor-widget-text-editor\" data-id=\"zudaoybo\" data-element_type=\"widget\" data-settings=\"{&quot;_animation&quot;:&quot;fadeInUp&quot;}\" data-widget_type=\"text-editor.default\">\n\t\t\t\t<div class=\"elementor-widget-container\">\n\t\t\t\t\t\t\t\t\tArctic Leasing Solutions'\u0131n iklime \u00f6zg\u00fc teknolojiyle operasyonel verimlili\u011fi nas\u0131l art\u0131rd\u0131\u011f\u0131n\u0131, yenilik\u00e7i altyap\u0131yla \u00e7evresel etkiyi nas\u0131l en aza indirdi\u011fini, proje ihtiya\u00e7lar\u0131n\u0131za g\u00f6re \u00f6zelle\u015ftirilebilir \u00e7\u00f6z\u00fcmler sundu\u011funu ve iklim adaptasyon stratejileri i\u00e7in uzman deste\u011fi sa\u011flayarak zorlu Arktik ko\u015fullar\u0131nda ba\u015far\u0131n\u0131z\u0131 nas\u0131l garantiledi\u011fini ke\u015ffedin.\t\t\t\t\t\t\t\t<\/div>\n\t\t\t\t<\/div>\n\t\t\t\t<\/div>\n\t\t\t\t<div class=\"elementor-element elementor-element-zoo9wp16 elementor-widget__width-initial elementor-widget-mobile__width-inherit elementor-widget-tablet__width-initial elementor-widget elementor-widget-image\" data-id=\"zoo9wp16\" data-element_type=\"widget\" data-widget_type=\"image.default\">\n\t\t\t\t<div class=\"elementor-widget-container\">\n\t\t\t\t\t\t\t\t\t\t\t\t\t\t\t<img fetchpriority=\"high\" decoding=\"async\" width=\"1024\" height=\"576\" src=\"https:\/\/lotosleasing.com\/wp-content\/uploads\/2025\/06\/tenweb_media_SR3QUEJXR.webp\" class=\"attachment-full size-full wp-image-138\" alt=\"\" srcset=\"https:\/\/lotosleasing.com\/wp-content\/uploads\/2025\/06\/tenweb_media_SR3QUEJXR.webp 1024w, https:\/\/lotosleasing.com\/wp-content\/uploads\/2025\/06\/tenweb_media_SR3QUEJXR-300x169.webp 300w, https:\/\/lotosleasing.com\/wp-content\/uploads\/2025\/06\/tenweb_media_SR3QUEJXR-768x432.webp 768w, https:\/\/lotosleasing.com\/wp-content\/uploads\/2025\/06\/tenweb_media_SR3QUEJXR-600x338.webp 600w\" sizes=\"(max-width: 1024px) 100vw, 1024px\" \/>\t\t\t\t\t\t\t\t\t\t\t\t\t\t\t<\/div>\n\t\t\t\t<\/div>\n\t\t\t\t\t<\/div>\n\t\t\t\t<\/div>\n\t\t\t\t<\/div>","protected":false},"excerpt":{"rendered":"","protected":false},"author":0,"featured_media":0,"parent":0,"menu_order":0,"comment_status":"closed","ping_status":"publish","template":"","meta":{"_acf_changed":false,"two_page_speed":[],"footnotes":""},"class_list":["post-157","page","type-page","status-publish","hentry"],"acf":[],"_links":{"self":[{"href":"https:\/\/lotosleasing.com\/tr\/wp-json\/wp\/v2\/pages\/157","targetHints":{"allow":["GET"]}}],"collection":[{"href":"https:\/\/lotosleasing.com\/tr\/wp-json\/wp\/v2\/pages"}],"about":[{"href":"https:\/\/lotosleasing.com\/tr\/wp-json\/wp\/v2\/types\/page"}],"replies":[{"embeddable":true,"href":"https:\/\/lotosleasing.com\/tr\/wp-json\/wp\/v2\/comments?post=157"}],"version-history":[{"count":0,"href":"https:\/\/lotosleasing.com\/tr\/wp-json\/wp\/v2\/pages\/157\/revisions"}],"wp:attachment":[{"href":"https:\/\/lotosleasing.com\/tr\/wp-json\/wp\/v2\/media?parent=157"}],"curies":[{"name":"wp","href":"https:\/\/api.w.org\/{rel}","templated":true}]}}