{"id":151,"date":"2025-06-30T11:33:37","date_gmt":"2025-06-30T11:33:37","guid":{"rendered":"https:\/\/lotosleasing.com\/services\/"},"modified":"2025-07-22T13:40:13","modified_gmt":"2025-07-22T13:40:13","slug":"services","status":"publish","type":"page","link":"https:\/\/lotosleasing.com\/tr\/services\/","title":{"rendered":"Hizmetler"},"content":{"rendered":"<div data-elementor-type=\"wp-page\" data-elementor-id=\"151\" class=\"elementor elementor-151\">\n\t\t\t\t<div class=\"elementor-element elementor-element-45bsd13l twbb_section e-flex e-con-boxed e-con e-parent\" data-id=\"45bsd13l\" data-element_type=\"container\" id=\"arctic-leasing-solutions-services\">\n\t\t\t\t\t<div class=\"e-con-inner\">\n\t\t\t\t<div class=\"elementor-element elementor-element-95u8nzzs elementor-widget__width-initial elementor-widget-mobile__width-inherit elementor-widget-tablet__width-initial twbb_cta-button-wrapper-center twbb_cta-valign-align-top twbb_cta-position-image-top twbb_cta-tablet-position-image-top twbb_cta-mobile-position-image-top twbb_cta-button-wrapper-center twbb_cta-button-wrapper-center twbb_cta-position-button-bottom twbb_cta-tablet-position-button-bottom twbb_cta-mobile-position-button-bottom elementor-invisible elementor-widget elementor-widget-twbb_call-to-action\" data-id=\"95u8nzzs\" data-element_type=\"widget\" data-settings=\"{&quot;_animation&quot;:&quot;fadeInUp&quot;}\" data-widget_type=\"twbb_call-to-action.default\">\n\t\t\t\t<div class=\"elementor-widget-container\">\n\t\t\t\t\t    <a href=\"#\" class=\"twbb_cta-wrapper\">\n                  <div class=\"twbb_cta-image-background-wrapper\">\n          <span class=\"twbb_cta-image-background-overlay\"><\/span>\n                            <div class=\"twbb_cta-image-html-tag\">\n                                            <img decoding=\"async\" src=\"https:\/\/lotosleasing.com\/wp-content\/uploads\/2025\/06\/tenweb_media_ss9aacj4e.webp\" alt=\"A high-quality photograph of specialized drilling equipment operating in a snowy Arctic landscape, emphasizing its robust design and cold-weather capabilities.\" >\n                                    <\/div>\n                    <\/div>\n        <div class=\"twbb_cta-content-wrapper\">\n    <div class=\"twbb_cta-content-inner\">\n                <h5 class=\"twbb_cta-title\">Arktik Sondaj Ekipmanlar\u0131 Kiralama<\/h5>\n                    <div class=\"twbb_cta-description\">Zorlu Arktik ko\u015fullar\u0131 i\u00e7in tasarlanm\u0131\u015f birinci s\u0131n\u0131f sondaj ekipmanlar\u0131 kiralay\u0131n. \u00d6zel makinelerimizle operasyonel verimlilik ve g\u00fcvenlik sa\u011flay\u0131n.<\/div>\n              <\/div>\n    <div class=\"twbb_cta-button-wrapper\">\n        <div class=\"twbb_cta-buttons\">\n                        <\/div>\n    <\/div>\n  <\/div>\n        <\/a>\n\t\t\t\t<\/div>\n\t\t\t\t<\/div>\n\t\t\t\t<div class=\"elementor-element elementor-element-eo53ndpi elementor-widget__width-initial elementor-widget-mobile__width-inherit elementor-widget-tablet__width-initial twbb_cta-button-wrapper-center twbb_cta-valign-align-top twbb_cta-position-image-top twbb_cta-tablet-position-image-top twbb_cta-mobile-position-image-top twbb_cta-button-wrapper-center twbb_cta-button-wrapper-center twbb_cta-position-button-bottom twbb_cta-tablet-position-button-bottom twbb_cta-mobile-position-button-bottom elementor-invisible elementor-widget elementor-widget-twbb_call-to-action\" data-id=\"eo53ndpi\" data-element_type=\"widget\" data-settings=\"{&quot;_animation&quot;:&quot;fadeInUp&quot;}\" data-widget_type=\"twbb_call-to-action.default\">\n\t\t\t\t<div class=\"elementor-widget-container\">\n\t\t\t\t\t    <a href=\"#\" class=\"twbb_cta-wrapper\">\n                  <div class=\"twbb_cta-image-background-wrapper\">\n          <span class=\"twbb_cta-image-background-overlay\"><\/span>\n                            <div class=\"twbb_cta-image-html-tag\">\n                                            <img decoding=\"async\" src=\"https:\/\/lotosleasing.com\/wp-content\/uploads\/2025\/06\/tenweb_media_smhg63pyg.webp\" alt=\"A photograph showcasing advanced climate control technology installed at an Arctic oil and gas facility, highlighting its energy efficiency and environmental benefits.\" >\n                                    <\/div>\n                    <\/div>\n        <div class=\"twbb_cta-content-wrapper\">\n    <div class=\"twbb_cta-content-inner\">\n                <h5 class=\"twbb_cta-title\">Yenilik\u00e7i \u0130klim Kontrol \u00c7\u00f6z\u00fcmleri<\/h5>\n                    <div class=\"twbb_cta-description\">Kuzey Kutbu'nun zorlu ortam\u0131nda \u00e7evresel etkiyi en aza indirmek ve operasyonel performans\u0131 optimize etmek i\u00e7in en son iklim kontrol teknolojilerini uygulay\u0131n.<\/div>\n              <\/div>\n    <div class=\"twbb_cta-button-wrapper\">\n        <div class=\"twbb_cta-buttons\">\n                        <\/div>\n    <\/div>\n  <\/div>\n        <\/a>\n\t\t\t\t<\/div>\n\t\t\t\t<\/div>\n\t\t\t\t<div class=\"elementor-element elementor-element-tk2yl7n0 elementor-widget__width-initial elementor-widget-mobile__width-inherit elementor-widget-tablet__width-initial twbb_cta-button-wrapper-center twbb_cta-valign-align-top twbb_cta-position-image-top twbb_cta-tablet-position-image-top twbb_cta-mobile-position-image-top twbb_cta-button-wrapper-center twbb_cta-button-wrapper-center twbb_cta-position-button-bottom twbb_cta-tablet-position-button-bottom twbb_cta-mobile-position-button-bottom elementor-invisible elementor-widget elementor-widget-twbb_call-to-action\" data-id=\"tk2yl7n0\" data-element_type=\"widget\" data-settings=\"{&quot;_animation&quot;:&quot;fadeInUp&quot;}\" data-widget_type=\"twbb_call-to-action.default\">\n\t\t\t\t<div class=\"elementor-widget-container\">\n\t\t\t\t\t    <a href=\"#\" class=\"twbb_cta-wrapper\">\n                  <div class=\"twbb_cta-image-background-wrapper\">\n          <span class=\"twbb_cta-image-background-overlay\"><\/span>\n                            <div class=\"twbb_cta-image-html-tag\">\n                                            <img decoding=\"async\" src=\"https:\/\/lotosleasing.com\/wp-content\/uploads\/2025\/06\/tenweb_media_s1npouvxw.webp\" alt=\"A professional image of a financial analyst presenting investment data related to Arctic oil and gas projects, conveying trust and expertise.\" >\n                                    <\/div>\n                    <\/div>\n        <div class=\"twbb_cta-content-wrapper\">\n    <div class=\"twbb_cta-content-inner\">\n                <h5 class=\"twbb_cta-title\">Stratejik Yat\u0131r\u0131m F\u0131rsatlar\u0131<\/h5>\n                    <div class=\"twbb_cta-description\">Arktik petrol ve gaz projelerinde kazan\u00e7l\u0131 yat\u0131r\u0131m f\u0131rsatlar\u0131n\u0131 ke\u015ffedin. Bilin\u00e7li karar verme i\u00e7in uzmanl\u0131\u011f\u0131m\u0131zdan ve kapsaml\u0131 deste\u011fimizden yararlan\u0131n.<\/div>\n              <\/div>\n    <div class=\"twbb_cta-button-wrapper\">\n        <div class=\"twbb_cta-buttons\">\n                        <\/div>\n    <\/div>\n  <\/div>\n        <\/a>\n\t\t\t\t<\/div>\n\t\t\t\t<\/div>\n\t\t\t\t<div class=\"elementor-element elementor-element-9e45jkpk elementor-widget__width-initial elementor-widget-mobile__width-inherit elementor-widget-tablet__width-initial twbb_cta-button-wrapper-center twbb_cta-valign-align-top twbb_cta-position-image-top twbb_cta-tablet-position-image-top twbb_cta-mobile-position-image-top twbb_cta-button-wrapper-center twbb_cta-button-wrapper-center twbb_cta-position-button-bottom twbb_cta-tablet-position-button-bottom twbb_cta-mobile-position-button-bottom elementor-invisible elementor-widget elementor-widget-twbb_call-to-action\" data-id=\"9e45jkpk\" data-element_type=\"widget\" data-settings=\"{&quot;_animation&quot;:&quot;fadeInUp&quot;}\" data-widget_type=\"twbb_call-to-action.default\">\n\t\t\t\t<div class=\"elementor-widget-container\">\n\t\t\t\t\t    <a href=\"#\" class=\"twbb_cta-wrapper\">\n                  <div class=\"twbb_cta-image-background-wrapper\">\n          <span class=\"twbb_cta-image-background-overlay\"><\/span>\n                            <div class=\"twbb_cta-image-html-tag\">\n                                            <img decoding=\"async\" src=\"https:\/\/lotosleasing.com\/wp-content\/uploads\/2025\/06\/tenweb_media_sfhuiap4m.webp\" alt=\"A picture of a team of engineers working on a modular construction project in the Arctic, showcasing the efficiency and adaptability of the solutions.\" >\n                                    <\/div>\n                    <\/div>\n        <div class=\"twbb_cta-content-wrapper\">\n    <div class=\"twbb_cta-content-inner\">\n                <h5 class=\"twbb_cta-title\">Mod\u00fcler Arktik Yap\u0131<\/h5>\n                    <div class=\"twbb_cta-description\">Maliyetleri ve \u00e7evresel ayak izini azaltarak, Kuzey Kutbu'nun uzak noktalar\u0131nda altyap\u0131n\u0131n h\u0131zl\u0131 bir \u015fekilde kurulmas\u0131 i\u00e7in mod\u00fcler in\u015faat hizmetlerimizden yararlan\u0131n.<\/div>\n              <\/div>\n    <div class=\"twbb_cta-button-wrapper\">\n        <div class=\"twbb_cta-buttons\">\n                        <\/div>\n    <\/div>\n  <\/div>\n        <\/a>\n\t\t\t\t<\/div>\n\t\t\t\t<\/div>\n\t\t\t\t\t<\/div>\n\t\t\t\t<\/div>\n\t\t<div class=\"elementor-element elementor-element-7ks3lrwn twbb_section e-flex e-con-boxed e-con e-parent\" data-id=\"7ks3lrwn\" data-element_type=\"container\" id=\"arcticspecific-solutions\">\n\t\t\t\t\t<div class=\"e-con-inner\">\n\t\t<div class=\"elementor-element elementor-element-r0s4ncie e-con-full e-flex e-con e-child\" data-id=\"r0s4ncie\" data-element_type=\"container\">\n\t\t\t\t<div class=\"elementor-element elementor-element-dfgh3h4z elementor-widget__width-initial elementor-widget-mobile__width-inherit elementor-widget-tablet__width-initial twbb-headline--style-rotate elementor-widget elementor-widget-twbbanimated-headline\" data-id=\"dfgh3h4z\" data-element_type=\"widget\" data-settings=\"{&quot;headline_style&quot;:&quot;rotate&quot;,&quot;rotating_text&quot;:&quot;Arctic-Specific Solutions&quot;,&quot;animation_type&quot;:&quot;blinds&quot;}\" data-widget_type=\"twbbanimated-headline.default\">\n\t\t\t\t<div class=\"elementor-widget-container\">\n\t\t\t\t\t    <h2 class=\"twbb-headline twbb-headline-animation-type-blinds twbb-headline-letters\">\n          <span class=\"twbb-headline-plain-text twbb-headline-text-wrapper\">Bizim <\/span>\n        <span class=\"twbb-headline-dynamic-wrapper twbb-headline-text-wrapper\"><\/span>\n          <span class=\"twbb-headline-plain-text twbb-headline-text-wrapper\"> Petrol ve Gaz End\u00fcstrisi i\u00e7in<\/span>\n        <\/h2>\n    \t\t\t\t<\/div>\n\t\t\t\t<\/div>\n\t\t\t\t<div class=\"elementor-element elementor-element-6t1m19fu elementor-widget__width-initial elementor-widget-mobile__width-inherit elementor-widget-tablet__width-initial elementor-invisible elementor-widget elementor-widget-text-editor\" data-id=\"6t1m19fu\" data-element_type=\"widget\" data-settings=\"{&quot;_animation&quot;:&quot;fadeInUp&quot;}\" data-widget_type=\"text-editor.default\">\n\t\t\t\t<div class=\"elementor-widget-container\">\n\t\t\t\t\t\t\t\t\t<p>Lotos Leasing, zorlu Arktik ko\u015fullarda faaliyet g\u00f6stermenin zorluklar\u0131n\u0131n \u00fcstesinden gelmek i\u00e7in tasarlanm\u0131\u015f \u00f6zel ekipman ve yenilik\u00e7i teknolojiler sa\u011flar. \u00c7\u00f6z\u00fcmlerimiz, petrol ve gaz projeleri i\u00e7in g\u00fcvenilirlik, g\u00fcvenlik ve verimlilik sa\u011flayarak \u00e7evresel etkiyi en aza indirir ve en zorlu ortamlarda operasyonel ba\u015far\u0131y\u0131 en \u00fcst d\u00fczeye \u00e7\u0131kar\u0131r.<\/p>\t\t\t\t\t\t\t\t<\/div>\n\t\t\t\t<\/div>\n\t\t\t\t<\/div>\n\t\t<div class=\"elementor-element elementor-element-61dernvf e-con-full e-flex e-con e-child\" data-id=\"61dernvf\" data-element_type=\"container\">\n\t\t\t\t<div class=\"elementor-element elementor-element-7urx4xiq elementor-widget__width-initial elementor-widget-mobile__width-inherit elementor-widget-tablet__width-initial twbb_cta-button-wrapper-left twbb_cta-valign-align-space_between twbb_cta-position-image-top twbb_cta-tablet-position-image-top twbb_cta-mobile-position-image-top twbb_cta-button-wrapper-left twbb_cta-button-wrapper-center twbb_cta-position-button-bottom twbb_cta-tablet-position-button-bottom twbb_cta-mobile-position-button-bottom elementor-invisible elementor-widget elementor-widget-twbb_call-to-action\" data-id=\"7urx4xiq\" data-element_type=\"widget\" data-settings=\"{&quot;_animation&quot;:&quot;fadeInUp&quot;}\" data-widget_type=\"twbb_call-to-action.default\">\n\t\t\t\t<div class=\"elementor-widget-container\">\n\t\t\t\t\t    <div  class=\"twbb_cta-wrapper\">\n                  <div class=\"twbb_cta-image-background-wrapper\">\n          <span class=\"twbb_cta-image-background-overlay\"><\/span>\n                            <div class=\"twbb_cta-image-html-tag\">\n                                            <img decoding=\"async\" src=\"https:\/\/lotosleasing.com\/wp-content\/uploads\/2025\/06\/tenweb_media_sfw020jgb.webp\" alt=\"A high-quality photograph of specialized drilling equipment operating in a snowy Arctic landscape, with visible safety measures and environmental protection protocols in place.\" >\n                                    <\/div>\n                    <\/div>\n        <div class=\"twbb_cta-content-wrapper\">\n    <div class=\"twbb_cta-content-inner\">\n                <h5 class=\"twbb_cta-title\">Uzmanla\u015fm\u0131\u015f Arktik Sondaj\u0131<\/h5>\n                    <div class=\"twbb_cta-description\">Tedarik etti\u011fimiz sondaj ekipmanlar\u0131 a\u015f\u0131r\u0131 so\u011fu\u011fa dayanacak \u015fekilde tasarlanm\u0131\u015f olup g\u00fcvenilir performans sa\u011flar ve ar\u0131za s\u00fcresini en aza indirir. T\u00fcm operasyonlar\u0131m\u0131zda g\u00fcvenlik ve \u00e7evrenin korunmas\u0131na \u00f6ncelik veriyoruz.<\/div>\n              <\/div>\n    <div class=\"twbb_cta-button-wrapper\">\n        <div class=\"twbb_cta-buttons\">\n                    <div class=\"twbb_cta-button-item twbb_cta-button-item__two twbb_cta-button-enable-yes\">\n          <a href=\"https:\/\/lotosleasing.com\/tr\/equipment-leasing-for-arctic-operations\/\" class=\"elementor-button twbb_cta-button elementor-size- twbb_cta-button__two\"            >Daha Fazla Bilgi            <\/a>\n        <\/div>\n                  <\/div>\n    <\/div>\n  <\/div>\n        <\/div>\n\t\t\t\t<\/div>\n\t\t\t\t<\/div>\n\t\t\t\t<div class=\"elementor-element elementor-element-jkxno1uu elementor-widget__width-initial elementor-widget-mobile__width-inherit elementor-widget-tablet__width-initial twbb_cta-button-wrapper-left twbb_cta-valign-align-space_between twbb_cta-position-image-top twbb_cta-tablet-position-image-top twbb_cta-mobile-position-image-top twbb_cta-button-wrapper-left twbb_cta-button-wrapper-center twbb_cta-position-button-bottom twbb_cta-tablet-position-button-bottom twbb_cta-mobile-position-button-bottom elementor-invisible elementor-widget elementor-widget-twbb_call-to-action\" data-id=\"jkxno1uu\" data-element_type=\"widget\" data-settings=\"{&quot;_animation&quot;:&quot;fadeInUp&quot;}\" data-widget_type=\"twbb_call-to-action.default\">\n\t\t\t\t<div class=\"elementor-widget-container\">\n\t\t\t\t\t    <div  class=\"twbb_cta-wrapper\">\n                  <div class=\"twbb_cta-image-background-wrapper\">\n          <span class=\"twbb_cta-image-background-overlay\"><\/span>\n                            <div class=\"twbb_cta-image-html-tag\">\n                                            <img decoding=\"async\" src=\"https:\/\/lotosleasing.com\/wp-content\/uploads\/2025\/06\/tenweb_media_swh9mvnyq.webp\" alt=\"A detailed image of climate-control infrastructure designed for Arctic conditions, showcasing its energy efficiency and environmental sustainability.\" >\n                                    <\/div>\n                    <\/div>\n        <div class=\"twbb_cta-content-wrapper\">\n    <div class=\"twbb_cta-content-inner\">\n                <h5 class=\"twbb_cta-title\">Yenilik\u00e7i \u0130klim Kontrol\u00fc<\/h5>\n                    <div class=\"twbb_cta-description\">Sa\u011flad\u0131\u011f\u0131m\u0131z iklim kontrol \u00e7\u00f6z\u00fcmleri operasyonel verimlili\u011fi optimize ederken \u00e7evresel etkiyi de azalt\u0131yor. Kuzey Kutbu'ndaki karbon ayak izimizi en aza indirmek i\u00e7in s\u00fcrd\u00fcr\u00fclebilir uygulamalara odaklan\u0131yoruz.<\/div>\n              <\/div>\n    <div class=\"twbb_cta-button-wrapper\">\n        <div class=\"twbb_cta-buttons\">\n                    <div class=\"twbb_cta-button-item twbb_cta-button-item__two twbb_cta-button-enable-yes\">\n          <a href=\"https:\/\/lotosleasing.com\/tr\/innovative-climate-solutions\/\" class=\"elementor-button twbb_cta-button elementor-size- twbb_cta-button__two\"            >Daha Fazla Bilgi            <\/a>\n        <\/div>\n                  <\/div>\n    <\/div>\n  <\/div>\n        <\/div>\n\t\t\t\t<\/div>\n\t\t\t\t<\/div>\n\t\t\t\t<div class=\"elementor-element elementor-element-li6cvvbr elementor-widget__width-initial elementor-widget-mobile__width-inherit elementor-widget-tablet__width-initial twbb_cta-button-wrapper-left twbb_cta-valign-align-space_between twbb_cta-position-image-top twbb_cta-tablet-position-image-top twbb_cta-mobile-position-image-top twbb_cta-button-wrapper-left twbb_cta-button-wrapper-center twbb_cta-position-button-bottom twbb_cta-tablet-position-button-bottom twbb_cta-mobile-position-button-bottom elementor-invisible elementor-widget elementor-widget-twbb_call-to-action\" data-id=\"li6cvvbr\" data-element_type=\"widget\" data-settings=\"{&quot;_animation&quot;:&quot;fadeInUp&quot;}\" data-widget_type=\"twbb_call-to-action.default\">\n\t\t\t\t<div class=\"elementor-widget-container\">\n\t\t\t\t\t    <div  class=\"twbb_cta-wrapper\">\n                  <div class=\"twbb_cta-image-background-wrapper\">\n          <span class=\"twbb_cta-image-background-overlay\"><\/span>\n                            <div class=\"twbb_cta-image-html-tag\">\n                                            <img decoding=\"async\" src=\"https:\/\/lotosleasing.com\/wp-content\/uploads\/2025\/06\/tenweb_media_svfyda46i.webp\" alt=\"A professional photograph of a diverse team of engineers and project managers collaborating on an Arctic oil and gas project, highlighting their expertise and commitment.\" >\n                                    <\/div>\n                    <\/div>\n        <div class=\"twbb_cta-content-wrapper\">\n    <div class=\"twbb_cta-content-inner\">\n                <h5 class=\"twbb_cta-title\">Uzman Proje Y\u00f6netimi<\/h5>\n                    <div class=\"twbb_cta-description\">Deneyimli ekibimiz, en y\u00fcksek g\u00fcvenlik ve \u00e7evre standartlar\u0131na uyulmas\u0131n\u0131 ve sorunsuz bir \u015fekilde y\u00fcr\u00fct\u00fclmesini sa\u011flayarak kapsaml\u0131 proje y\u00f6netimi hizmetleri sunmaktad\u0131r. En zorlu ko\u015fullarda bile sonu\u00e7 al\u0131yoruz.<\/div>\n              <\/div>\n    <div class=\"twbb_cta-button-wrapper\">\n        <div class=\"twbb_cta-buttons\">\n                    <div class=\"twbb_cta-button-item twbb_cta-button-item__two twbb_cta-button-enable-yes\">\n          <a href=\"https:\/\/lotosleasing.com\/tr\/investment-opportunities-in-arctic-oil-gas\/\" class=\"elementor-button twbb_cta-button elementor-size- twbb_cta-button__two\"            >Daha Fazla Bilgi            <\/a>\n        <\/div>\n                  <\/div>\n    <\/div>\n  <\/div>\n        <\/div>\n\t\t\t\t<\/div>\n\t\t\t\t<\/div>\n\t\t\t\t<\/div>\n\t\t\t\t\t<\/div>\n\t\t\t\t<\/div>\n\t\t\t\t<\/div>","protected":false},"excerpt":{"rendered":"<p>Arctic Drilling Equipment Leasing Lease top-of-the-line drilling equipment designed for extreme Arctic conditions. Ensure operational efficiency and safety with our specialized machinery. Innovative Climate Control Solutions Implement cutting-edge climate control technologies to minimize environmental impact and optimize operational performance in the Arctic&#8217;s challenging environment. Strategic Investment Opportunities Explore lucrative investment opportunities in Arctic oil and [&hellip;]<\/p>","protected":false},"author":0,"featured_media":0,"parent":0,"menu_order":0,"comment_status":"closed","ping_status":"publish","template":"","meta":{"_acf_changed":false,"two_page_speed":[],"footnotes":""},"class_list":["post-151","page","type-page","status-publish","hentry"],"acf":[],"_links":{"self":[{"href":"https:\/\/lotosleasing.com\/tr\/wp-json\/wp\/v2\/pages\/151","targetHints":{"allow":["GET"]}}],"collection":[{"href":"https:\/\/lotosleasing.com\/tr\/wp-json\/wp\/v2\/pages"}],"about":[{"href":"https:\/\/lotosleasing.com\/tr\/wp-json\/wp\/v2\/types\/page"}],"replies":[{"embeddable":true,"href":"https:\/\/lotosleasing.com\/tr\/wp-json\/wp\/v2\/comments?post=151"}],"version-history":[{"count":0,"href":"https:\/\/lotosleasing.com\/tr\/wp-json\/wp\/v2\/pages\/151\/revisions"}],"wp:attachment":[{"href":"https:\/\/lotosleasing.com\/tr\/wp-json\/wp\/v2\/media?parent=151"}],"curies":[{"name":"wp","href":"https:\/\/api.w.org\/{rel}","templated":true}]}}