{"id":679,"date":"2025-06-30T16:31:04","date_gmt":"2025-06-30T16:31:04","guid":{"rendered":"https:\/\/lotosleasing.com\/terms-and-conditions-4\/"},"modified":"2025-06-30T16:31:08","modified_gmt":"2025-06-30T16:31:08","slug":"terms-and-conditions-4","status":"publish","type":"page","link":"https:\/\/lotosleasing.com\/it\/terms-and-conditions-4\/","title":{"rendered":"Termini e condizioni"},"content":{"rendered":"<div data-elementor-type=\"wp-page\" data-elementor-id=\"679\" class=\"elementor elementor-679\">\n\t\t\t\t<div class=\"elementor-element elementor-element-vktqm7tb twbb_section e-con-boxed e-flex e-con e-parent\" data-id=\"vktqm7tb\" data-element_type=\"container\">\n\t\t\t\t\t<div class=\"e-con-inner\">\n\t\t\t\t<div class=\"elementor-element elementor-element-oyg11ggk elementor-widget__width-initial elementor-widget-mobile__width-inherit elementor-widget-tablet__width-initial elementor-invisible elementor-widget elementor-widget-heading\" data-id=\"oyg11ggk\" data-element_type=\"widget\" data-settings=\"{&quot;_animation&quot;:&quot;fadeInUp&quot;}\" data-widget_type=\"heading.default\">\n\t\t\t\t<div class=\"elementor-widget-container\">\n\t\t\t\t\t<h1 class=\"elementor-heading-title elementor-size-default\">Termini e condizioni<\/h1>\t\t\t\t<\/div>\n\t\t\t\t<\/div>\n\t\t\t\t\t<\/div>\n\t\t\t\t<\/div>\n\t\t<div class=\"elementor-element elementor-element-a9u1uen3 twbb_section e-con-boxed e-flex e-con e-parent\" data-id=\"a9u1uen3\" data-element_type=\"container\">\n\t\t\t\t\t<div class=\"e-con-inner\">\n\t\t\t\t<div class=\"elementor-element elementor-element-yr95acz0 elementor-widget__width-initial elementor-widget-mobile__width-inherit elementor-widget-tablet__width-initial elementor-invisible elementor-widget elementor-widget-text-editor\" data-id=\"yr95acz0\" data-element_type=\"widget\" data-settings=\"{&quot;_animation&quot;:&quot;fadeInUp&quot;}\" data-widget_type=\"text-editor.default\">\n\t\t\t\t<div class=\"elementor-widget-container\">\n\t\t\t\t\t\t\t\t\t<p><b>Termini e condizioni del leasing Lotos<\/b><\/p>\n\n<p><b>Data di entrata in vigore:<\/b> 26 ottobre 2023<\/p>\n\n<p>I presenti Termini e condizioni regolano l'utilizzo dei servizi e del sito web di Lotos Leasing. Accedendo o utilizzando i nostri servizi, l'utente accetta di essere vincolato da questi termini.<\/p>\n\n<p><b>1. Accettazione dei termini<\/b><\/p>\n<p>Utilizzando i nostri servizi, l'utente dichiara di aver letto, compreso e accettato di essere vincolato dai presenti Termini e condizioni. Se non accettate questi termini, non dovete utilizzare i nostri servizi.<\/p>\n\n<p><b>2. Servizi offerti<\/b><\/p>\n<p>Lotos Leasing fornisce servizi di leasing per macchinari e attrezzature alle societ\u00e0 petrolifere e del gas che operano nella regione artica della Russia.  I servizi specifici includono, a titolo esemplificativo, leasing di attrezzature, contratti di manutenzione e soluzioni di finanziamento personalizzate.<\/p>\n\n<p><b>3. Opportunit\u00e0 di investimento<\/b><\/p>\n<p>Lotos Leasing offre opportunit\u00e0 di investimento nelle sue iniziative di leasing.  I dettagli completi sulle opportunit\u00e0 di investimento sono disponibili nella pagina dedicata alle opportunit\u00e0 di investimento.<\/p>\n\n<p><b>4. Legge applicabile<\/b><\/p>\n<p>I presenti Termini e condizioni sono disciplinati e interpretati in conformit\u00e0 alle leggi della Federazione Russa.<\/p>\n\n<p><b>5. Modifiche ai termini<\/b><\/p>\n<p>Lotos Leasing si riserva il diritto di modificare i presenti Termini e condizioni in qualsiasi momento.  I termini aggiornati saranno pubblicati su questa pagina.<\/p>\n\n<p><b>6. Esclusione di garanzie<\/b><\/p>\n<p>Lotos Leasing fornisce servizi in buona fede.  Tuttavia, non garantiamo il successo di alcun investimento o le prestazioni di alcuna apparecchiatura noleggiata.  L'utente riconosce che l'uso dei nostri servizi \u00e8 a suo rischio e pericolo.<\/p>\n\n<p><b>7. Limitazione di responsabilit\u00e0<\/b><\/p>\n<p>In nessun caso Lotos Leasing sar\u00e0 responsabile di eventuali danni indiretti, incidentali, consequenziali o speciali derivanti da o in relazione all'uso dei nostri servizi.<\/p>\n\n<p><b>8. Intero accordo<\/b><\/p>\n<p>I presenti Termini e condizioni costituiscono l'intero accordo tra l'utente e Lotos Leasing in merito all'utilizzo dei nostri servizi e sostituiscono tutte le comunicazioni e le proposte precedenti o contemporanee, sia orali che scritte.<\/p>\n\n<p><b>9. Contatti<\/b><\/p>\n<p>Per qualsiasi domanda o dubbio in merito ai presenti Termini e condizioni, si prega di contattarci all'indirizzo <a href=\"mailto:info@lotosleasing.com\">info@lotosleasing.com<\/a>.<\/p>\t\t\t\t\t\t\t\t<\/div>\n\t\t\t\t<\/div>\n\t\t\t\t\t<\/div>\n\t\t\t\t<\/div>\n\t\t\t\t<\/div>","protected":false},"excerpt":{"rendered":"","protected":false},"author":0,"featured_media":0,"parent":0,"menu_order":0,"comment_status":"closed","ping_status":"publish","template":"","meta":{"_acf_changed":false,"two_page_speed":[],"footnotes":""},"class_list":["post-679","page","type-page","status-publish","hentry"],"acf":[],"_links":{"self":[{"href":"https:\/\/lotosleasing.com\/it\/wp-json\/wp\/v2\/pages\/679","targetHints":{"allow":["GET"]}}],"collection":[{"href":"https:\/\/lotosleasing.com\/it\/wp-json\/wp\/v2\/pages"}],"about":[{"href":"https:\/\/lotosleasing.com\/it\/wp-json\/wp\/v2\/types\/page"}],"replies":[{"embeddable":true,"href":"https:\/\/lotosleasing.com\/it\/wp-json\/wp\/v2\/comments?post=679"}],"version-history":[{"count":0,"href":"https:\/\/lotosleasing.com\/it\/wp-json\/wp\/v2\/pages\/679\/revisions"}],"wp:attachment":[{"href":"https:\/\/lotosleasing.com\/it\/wp-json\/wp\/v2\/media?parent=679"}],"curies":[{"name":"wp","href":"https:\/\/api.w.org\/{rel}","templated":true}]}}