{"id":667,"date":"2025-06-30T16:31:03","date_gmt":"2025-06-30T16:31:03","guid":{"rendered":"https:\/\/lotosleasing.com\/services-3\/"},"modified":"2025-07-23T22:03:24","modified_gmt":"2025-07-23T22:03:24","slug":"services-3","status":"publish","type":"page","link":"https:\/\/lotosleasing.com\/it\/services-3\/","title":{"rendered":"Servizi"},"content":{"rendered":"<div data-elementor-type=\"wp-page\" data-elementor-id=\"667\" class=\"elementor elementor-667\">\n\t\t\t\t<div class=\"elementor-element elementor-element-2br2kmm8 twbb_section e-flex e-con-boxed e-con e-parent\" data-id=\"2br2kmm8\" data-element_type=\"container\" id=\"arctic-leasing-services-overview\">\n\t\t\t\t\t<div class=\"e-con-inner\">\n\t\t<div class=\"elementor-element elementor-element-0wj6lnok e-con-full e-flex e-con e-child\" data-id=\"0wj6lnok\" data-element_type=\"container\">\n\t\t\t\t<div class=\"elementor-element elementor-element-ciyzq3v7 elementor-widget__width-initial elementor-widget-mobile__width-inherit elementor-widget-tablet__width-initial twbb-headline--style-highlight elementor-widget elementor-widget-twbbanimated-headline\" data-id=\"ciyzq3v7\" data-element_type=\"widget\" data-settings=\"{&quot;highlighted_text&quot;:&quot;Leasing Solutions&quot;,&quot;marker&quot;:&quot;underline_zigzag&quot;,&quot;headline_style&quot;:&quot;highlight&quot;}\" data-widget_type=\"twbbanimated-headline.default\">\n\t\t\t\t<div class=\"elementor-widget-container\">\n\t\t\t\t\t    <h2 class=\"twbb-headline\">\n          <span class=\"twbb-headline-plain-text twbb-headline-text-wrapper\">Scoprite i nostri prodotti su misura <\/span>\n        <span class=\"twbb-headline-dynamic-wrapper twbb-headline-text-wrapper\"><\/span>\n          <span class=\"twbb-headline-plain-text twbb-headline-text-wrapper\"> per la regione artica<\/span>\n        <\/h2>\n    \t\t\t\t<\/div>\n\t\t\t\t<\/div>\n\t\t\t\t<div class=\"elementor-element elementor-element-vziung14 elementor-widget__width-initial elementor-widget-mobile__width-inherit elementor-widget-tablet__width-initial elementor-invisible elementor-widget elementor-widget-text-editor\" data-id=\"vziung14\" data-element_type=\"widget\" data-settings=\"{&quot;_animation&quot;:&quot;fadeInUp&quot;}\" data-widget_type=\"text-editor.default\">\n\t\t\t\t<div class=\"elementor-widget-container\">\n\t\t\t\t\t\t\t\t\tNoi di Lotos Leasing siamo consapevoli delle sfide uniche che devono affrontare le societ\u00e0 petrolifere e del gas che operano nell'Artico. Ecco perch\u00e9 offriamo servizi di leasing specializzati, progettati per fornire le attrezzature e la flessibilit\u00e0 finanziaria di cui avete bisogno per avere successo. Le nostre soluzioni sono studiate su misura per soddisfare le esigenze specifiche dell'ambiente artico, garantendo prestazioni ottimali e un buon rapporto costi-benefici.\t\t\t\t\t\t\t\t<\/div>\n\t\t\t\t<\/div>\n\t\t\t\t<\/div>\n\t\t<div class=\"elementor-element elementor-element-s27kfyev e-con-full e-flex e-con e-child\" data-id=\"s27kfyev\" data-element_type=\"container\">\n\t\t\t\t<div class=\"elementor-element elementor-element-xtbef5ah elementor-widget__width-initial elementor-widget-mobile__width-inherit elementor-widget-tablet__width-initial twbb_cta-button-wrapper-left twbb_cta-valign-align-space_between twbb_cta-position-image-top twbb_cta-tablet-position-image-top twbb_cta-mobile-position-image-top twbb_cta-button-wrapper-left twbb_cta-button-wrapper-center twbb_cta-position-button-bottom twbb_cta-tablet-position-button-bottom twbb_cta-mobile-position-button-bottom elementor-invisible elementor-widget elementor-widget-twbb_call-to-action\" data-id=\"xtbef5ah\" data-element_type=\"widget\" data-settings=\"{&quot;_animation&quot;:&quot;fadeInUp&quot;}\" data-widget_type=\"twbb_call-to-action.default\">\n\t\t\t\t<div class=\"elementor-widget-container\">\n\t\t\t\t\t    <div  class=\"twbb_cta-wrapper\">\n                  <div class=\"twbb_cta-image-background-wrapper\">\n          <span class=\"twbb_cta-image-background-overlay\"><\/span>\n                            <div class=\"twbb_cta-image-html-tag\">\n                                            <img decoding=\"async\" src=\"https:\/\/lotosleasing.com\/wp-content\/uploads\/2025\/06\/tenweb_media_sxuz2azsl.webp\" alt=\"A high-quality photograph depicting a modern drilling rig operating in a snowy Arctic landscape, under a clear blue sky. The image should convey a sense of technological advancement and environmental responsibility.\" >\n                                    <\/div>\n                    <\/div>\n        <div class=\"twbb_cta-content-wrapper\">\n    <div class=\"twbb_cta-content-inner\">\n                <h5 class=\"twbb_cta-title\">Leasing di macchinari avanzati<\/h5>\n                    <div class=\"twbb_cta-description\">Accedete a macchinari all'avanguardia senza l'onere della propriet\u00e0. Le nostre opzioni di leasing offrono la tecnologia pi\u00f9 recente per migliorare l'efficienza operativa e ridurre le spese di capitale. Garantiamo che le vostre attrezzature siano sempre aggiornate.<\/div>\n              <\/div>\n    <div class=\"twbb_cta-button-wrapper\">\n        <div class=\"twbb_cta-buttons\">\n                    <div class=\"twbb_cta-button-item twbb_cta-button-item__two twbb_cta-button-enable-yes\">\n          <a href=\"https:\/\/lotosleasing.com\/it\/contact\/\" class=\"elementor-button twbb_cta-button elementor-size- twbb_cta-button__two\"            >Per saperne di pi\u00f9            <\/a>\n        <\/div>\n                  <\/div>\n    <\/div>\n  <\/div>\n        <\/div>\n\t\t\t\t<\/div>\n\t\t\t\t<\/div>\n\t\t\t\t<div class=\"elementor-element elementor-element-34tbeusr elementor-widget__width-initial elementor-widget-mobile__width-inherit elementor-widget-tablet__width-initial twbb_cta-button-wrapper-left twbb_cta-valign-align-space_between twbb_cta-position-image-top twbb_cta-tablet-position-image-top twbb_cta-mobile-position-image-top twbb_cta-button-wrapper-left twbb_cta-button-wrapper-center twbb_cta-position-button-bottom twbb_cta-tablet-position-button-bottom twbb_cta-mobile-position-button-bottom elementor-invisible elementor-widget elementor-widget-twbb_call-to-action\" data-id=\"34tbeusr\" data-element_type=\"widget\" data-settings=\"{&quot;_animation&quot;:&quot;fadeInUp&quot;}\" data-widget_type=\"twbb_call-to-action.default\">\n\t\t\t\t<div class=\"elementor-widget-container\">\n\t\t\t\t\t    <div  class=\"twbb_cta-wrapper\">\n                  <div class=\"twbb_cta-image-background-wrapper\">\n          <span class=\"twbb_cta-image-background-overlay\"><\/span>\n                            <div class=\"twbb_cta-image-html-tag\">\n                                            <img decoding=\"async\" src=\"https:\/\/lotosleasing.com\/wp-content\/uploads\/2025\/06\/tenweb_media_saj1tl9ob.webp\" alt=\"A photograph showcasing a variety of heavy-duty vehicles and equipment parked at a remote Arctic base, with workers in specialized gear performing maintenance tasks. The scene should emphasize the ruggedness and reliability of the equipment.\" >\n                                    <\/div>\n                    <\/div>\n        <div class=\"twbb_cta-content-wrapper\">\n    <div class=\"twbb_cta-content-inner\">\n                <h5 class=\"twbb_cta-title\">Programmi di leasing personalizzati<\/h5>\n                    <div class=\"twbb_cta-description\">Lavoriamo a stretto contatto con voi per sviluppare programmi di leasing in linea con i vostri specifici requisiti di progetto e obiettivi finanziari. I nostri termini flessibili e le nostre tariffe competitive vi garantiscono il miglior valore per il vostro investimento. Ci adattiamo alle vostre esigenze.<\/div>\n              <\/div>\n    <div class=\"twbb_cta-button-wrapper\">\n        <div class=\"twbb_cta-buttons\">\n                    <div class=\"twbb_cta-button-item twbb_cta-button-item__two twbb_cta-button-enable-yes\">\n          <a href=\"https:\/\/lotosleasing.com\/it\/contact\/\" class=\"elementor-button twbb_cta-button elementor-size- twbb_cta-button__two\"            >Per saperne di pi\u00f9            <\/a>\n        <\/div>\n                  <\/div>\n    <\/div>\n  <\/div>\n        <\/div>\n\t\t\t\t<\/div>\n\t\t\t\t<\/div>\n\t\t\t\t<div class=\"elementor-element elementor-element-4xf95qui elementor-widget__width-initial elementor-widget-mobile__width-inherit elementor-widget-tablet__width-initial twbb_cta-button-wrapper-left twbb_cta-valign-align-space_between twbb_cta-position-image-top twbb_cta-tablet-position-image-top twbb_cta-mobile-position-image-top twbb_cta-button-wrapper-left twbb_cta-button-wrapper-center twbb_cta-position-button-bottom twbb_cta-tablet-position-button-bottom twbb_cta-mobile-position-button-bottom elementor-invisible elementor-widget elementor-widget-twbb_call-to-action\" data-id=\"4xf95qui\" data-element_type=\"widget\" data-settings=\"{&quot;_animation&quot;:&quot;fadeInUp&quot;}\" data-widget_type=\"twbb_call-to-action.default\">\n\t\t\t\t<div class=\"elementor-widget-container\">\n\t\t\t\t\t    <div  class=\"twbb_cta-wrapper\">\n                  <div class=\"twbb_cta-image-background-wrapper\">\n          <span class=\"twbb_cta-image-background-overlay\"><\/span>\n                            <div class=\"twbb_cta-image-html-tag\">\n                                            <img decoding=\"async\" src=\"https:\/\/lotosleasing.com\/wp-content\/uploads\/2025\/06\/tenweb_media_skcixa6pj.webp\" alt=\"A digital illustration depicting a network of interconnected pipelines and processing facilities in the Arctic, highlighting the importance of reliable infrastructure. The illustration should use a clean and modern design style.\" >\n                                    <\/div>\n                    <\/div>\n        <div class=\"twbb_cta-content-wrapper\">\n    <div class=\"twbb_cta-content-inner\">\n                <h5 class=\"twbb_cta-title\">Supporto allo sviluppo dell'infrastruttura<\/h5>\n                    <div class=\"twbb_cta-description\">Noleggiare le attrezzature necessarie per costruire e mantenere le infrastrutture critiche nell'Artico. I nostri servizi supportano lo sviluppo di oleodotti, impianti di lavorazione e altre strutture essenziali, garantendo operazioni affidabili e sostenibili. Vi aiutiamo a costruire.<\/div>\n              <\/div>\n    <div class=\"twbb_cta-button-wrapper\">\n        <div class=\"twbb_cta-buttons\">\n                    <div class=\"twbb_cta-button-item twbb_cta-button-item__two twbb_cta-button-enable-yes\">\n          <a href=\"https:\/\/lotosleasing.com\/it\/contact\/\" class=\"elementor-button twbb_cta-button elementor-size- twbb_cta-button__two\"            >Per saperne di pi\u00f9            <\/a>\n        <\/div>\n                  <\/div>\n    <\/div>\n  <\/div>\n        <\/div>\n\t\t\t\t<\/div>\n\t\t\t\t<\/div>\n\t\t\t\t<\/div>\n\t\t\t\t\t<\/div>\n\t\t\t\t<\/div>\n\t\t<div class=\"elementor-element elementor-element-0w49q9az twbb_section e-flex e-con-boxed e-con e-parent\" data-id=\"0w49q9az\" data-element_type=\"container\" id=\"specialized-equipment-leasing-options\">\n\t\t\t\t\t<div class=\"e-con-inner\">\n\t\t\t\t<div class=\"elementor-element elementor-element-2k50gyyj elementor-widget__width-initial elementor-widget-mobile__width-inherit elementor-widget-tablet__width-initial twbb_cta-button-wrapper-center twbb_cta-valign-align-top twbb_cta-position-image-top twbb_cta-tablet-position-image-top twbb_cta-mobile-position-image-top twbb_cta-button-wrapper-center twbb_cta-button-wrapper-center twbb_cta-position-button-bottom twbb_cta-tablet-position-button-bottom twbb_cta-mobile-position-button-bottom elementor-invisible elementor-widget elementor-widget-twbb_call-to-action\" data-id=\"2k50gyyj\" data-element_type=\"widget\" data-settings=\"{&quot;_animation&quot;:&quot;fadeInUp&quot;}\" data-widget_type=\"twbb_call-to-action.default\">\n\t\t\t\t<div class=\"elementor-widget-container\">\n\t\t\t\t\t    <a href=\"#\" class=\"twbb_cta-wrapper\">\n                  <div class=\"twbb_cta-image-background-wrapper\">\n          <span class=\"twbb_cta-image-background-overlay\"><\/span>\n                            <div class=\"twbb_cta-image-html-tag\">\n                                            <img decoding=\"async\" src=\"https:\/\/lotosleasing.com\/wp-content\/uploads\/2025\/06\/tenweb_media_spilk9mrx.webp\" alt=\"A high-resolution photograph of a modern icebreaker ship navigating through thick Arctic ice, showcasing its robust design and capabilities in harsh conditions. The image should convey power and reliability.\" >\n                                    <\/div>\n                    <\/div>\n        <div class=\"twbb_cta-content-wrapper\">\n    <div class=\"twbb_cta-content-inner\">\n                <h5 class=\"twbb_cta-title\">Noleggio di navi rompighiaccio: Navigare nelle acque artiche<\/h5>\n                    <div class=\"twbb_cta-description\">Noleggiate rompighiaccio avanzati per garantire l'accesso tutto l'anno alle zone critiche dell'Artico, supportando in modo efficiente le vostre attivit\u00e0 di esplorazione e produzione.<\/div>\n              <\/div>\n    <div class=\"twbb_cta-button-wrapper\">\n        <div class=\"twbb_cta-buttons\">\n                        <\/div>\n    <\/div>\n  <\/div>\n        <\/a>\n\t\t\t\t<\/div>\n\t\t\t\t<\/div>\n\t\t\t\t<div class=\"elementor-element elementor-element-cnv1dbk0 elementor-widget__width-initial elementor-widget-mobile__width-inherit elementor-widget-tablet__width-initial twbb_cta-button-wrapper-center twbb_cta-valign-align-top twbb_cta-position-image-top twbb_cta-tablet-position-image-top twbb_cta-mobile-position-image-top twbb_cta-button-wrapper-center twbb_cta-button-wrapper-center twbb_cta-position-button-bottom twbb_cta-tablet-position-button-bottom twbb_cta-mobile-position-button-bottom elementor-invisible elementor-widget elementor-widget-twbb_call-to-action\" data-id=\"cnv1dbk0\" data-element_type=\"widget\" data-settings=\"{&quot;_animation&quot;:&quot;fadeInUp&quot;}\" data-widget_type=\"twbb_call-to-action.default\">\n\t\t\t\t<div class=\"elementor-widget-container\">\n\t\t\t\t\t    <a href=\"#\" class=\"twbb_cta-wrapper\">\n                  <div class=\"twbb_cta-image-background-wrapper\">\n          <span class=\"twbb_cta-image-background-overlay\"><\/span>\n                            <div class=\"twbb_cta-image-html-tag\">\n                                            <img decoding=\"async\" src=\"https:\/\/lotosleasing.com\/wp-content\/uploads\/2025\/06\/tenweb_media_skxoycjzh.webp\" alt=\"A detailed image of a cold-resistant drilling rig operating on a snow-covered Arctic landscape, emphasizing its specialized features and resilience to extreme temperatures.\" >\n                                    <\/div>\n                    <\/div>\n        <div class=\"twbb_cta-content-wrapper\">\n    <div class=\"twbb_cta-content-inner\">\n                <h5 class=\"twbb_cta-title\">Impianti di perforazione artici: Prestazioni ineguagliabili<\/h5>\n                    <div class=\"twbb_cta-description\">I nostri impianti di perforazione specializzati sono progettati per resistere alle condizioni artiche pi\u00f9 difficili, garantendo un'estrazione affidabile ed efficiente delle risorse per i vostri progetti.<\/div>\n              <\/div>\n    <div class=\"twbb_cta-button-wrapper\">\n        <div class=\"twbb_cta-buttons\">\n                        <\/div>\n    <\/div>\n  <\/div>\n        <\/a>\n\t\t\t\t<\/div>\n\t\t\t\t<\/div>\n\t\t\t\t<div class=\"elementor-element elementor-element-8o316m9w elementor-widget__width-initial elementor-widget-mobile__width-inherit elementor-widget-tablet__width-initial twbb_cta-button-wrapper-center twbb_cta-valign-align-top twbb_cta-position-image-top twbb_cta-tablet-position-image-top twbb_cta-mobile-position-image-top twbb_cta-button-wrapper-center twbb_cta-button-wrapper-center twbb_cta-position-button-bottom twbb_cta-tablet-position-button-bottom twbb_cta-mobile-position-button-bottom elementor-invisible elementor-widget elementor-widget-twbb_call-to-action\" data-id=\"8o316m9w\" data-element_type=\"widget\" data-settings=\"{&quot;_animation&quot;:&quot;fadeInUp&quot;}\" data-widget_type=\"twbb_call-to-action.default\">\n\t\t\t\t<div class=\"elementor-widget-container\">\n\t\t\t\t\t    <a href=\"#\" class=\"twbb_cta-wrapper\">\n                  <div class=\"twbb_cta-image-background-wrapper\">\n          <span class=\"twbb_cta-image-background-overlay\"><\/span>\n                            <div class=\"twbb_cta-image-html-tag\">\n                                            <img decoding=\"async\" src=\"https:\/\/lotosleasing.com\/wp-content\/uploads\/2025\/06\/tenweb_media_SYOJKKFFD.webp\" alt=\"A clear photograph of a heavy-duty pipeline laying vessel in action, demonstrating its ability to install pipelines in challenging Arctic marine environments.\" >\n                                    <\/div>\n                    <\/div>\n        <div class=\"twbb_cta-content-wrapper\">\n    <div class=\"twbb_cta-content-inner\">\n                <h5 class=\"twbb_cta-title\">Navi posatubi: Infrastruttura sicura<\/h5>\n                    <div class=\"twbb_cta-description\">Noleggiare le nostre navi per la posa di condotte avanzate per costruire e mantenere le infrastrutture critiche, garantendo il trasporto sicuro e affidabile delle risorse nell'Artico.<\/div>\n              <\/div>\n    <div class=\"twbb_cta-button-wrapper\">\n        <div class=\"twbb_cta-buttons\">\n                        <\/div>\n    <\/div>\n  <\/div>\n        <\/a>\n\t\t\t\t<\/div>\n\t\t\t\t<\/div>\n\t\t\t\t<div class=\"elementor-element elementor-element-6vjo3e0r elementor-widget__width-initial elementor-widget-mobile__width-inherit elementor-widget-tablet__width-initial twbb_cta-button-wrapper-center twbb_cta-valign-align-top twbb_cta-position-image-top twbb_cta-tablet-position-image-top twbb_cta-mobile-position-image-top twbb_cta-button-wrapper-center twbb_cta-button-wrapper-center twbb_cta-position-button-bottom twbb_cta-tablet-position-button-bottom twbb_cta-mobile-position-button-bottom elementor-invisible elementor-widget elementor-widget-twbb_call-to-action\" data-id=\"6vjo3e0r\" data-element_type=\"widget\" data-settings=\"{&quot;_animation&quot;:&quot;fadeInUp&quot;}\" data-widget_type=\"twbb_call-to-action.default\">\n\t\t\t\t<div class=\"elementor-widget-container\">\n\t\t\t\t\t    <a href=\"#\" class=\"twbb_cta-wrapper\">\n                  <div class=\"twbb_cta-image-background-wrapper\">\n          <span class=\"twbb_cta-image-background-overlay\"><\/span>\n                            <div class=\"twbb_cta-image-html-tag\">\n                                            <img decoding=\"async\" src=\"https:\/\/lotosleasing.com\/wp-content\/uploads\/2025\/06\/tenweb_media_s0ve6i0ri.webp\" alt=\"A photograph of a fleet of specialized transport vehicles (e.g., snowmobiles, all-terrain vehicles) moving equipment across a frozen Arctic landscape, highlighting their adaptability and utility.\" >\n                                    <\/div>\n                    <\/div>\n        <div class=\"twbb_cta-content-wrapper\">\n    <div class=\"twbb_cta-content-inner\">\n                <h5 class=\"twbb_cta-title\">Trasporto specializzato: Mobilit\u00e0 artica<\/h5>\n                    <div class=\"twbb_cta-description\">La nostra flotta di veicoli da trasporto specializzati garantisce il movimento sicuro ed efficiente di attrezzature e personale attraverso il difficile terreno artico, ottimizzando le vostre operazioni.<\/div>\n              <\/div>\n    <div class=\"twbb_cta-button-wrapper\">\n        <div class=\"twbb_cta-buttons\">\n                        <\/div>\n    <\/div>\n  <\/div>\n        <\/a>\n\t\t\t\t<\/div>\n\t\t\t\t<\/div>\n\t\t\t\t\t<\/div>\n\t\t\t\t<\/div>\n\t\t\t\t<\/div>","protected":false},"excerpt":{"rendered":"<p>Discover Our Tailored for the Arctic Region At Lotos Leasing, we understand the unique challenges faced by oil and gas companies operating in the Arctic. That&#8217;s why we offer specialized leasing services designed to provide the equipment and financial flexibility you need to succeed. Our solutions are tailored to meet the specific demands of the [&hellip;]<\/p>","protected":false},"author":0,"featured_media":0,"parent":0,"menu_order":0,"comment_status":"closed","ping_status":"publish","template":"","meta":{"_acf_changed":false,"two_page_speed":[],"footnotes":""},"class_list":["post-667","page","type-page","status-publish","hentry"],"acf":[],"_links":{"self":[{"href":"https:\/\/lotosleasing.com\/it\/wp-json\/wp\/v2\/pages\/667","targetHints":{"allow":["GET"]}}],"collection":[{"href":"https:\/\/lotosleasing.com\/it\/wp-json\/wp\/v2\/pages"}],"about":[{"href":"https:\/\/lotosleasing.com\/it\/wp-json\/wp\/v2\/types\/page"}],"replies":[{"embeddable":true,"href":"https:\/\/lotosleasing.com\/it\/wp-json\/wp\/v2\/comments?post=667"}],"version-history":[{"count":0,"href":"https:\/\/lotosleasing.com\/it\/wp-json\/wp\/v2\/pages\/667\/revisions"}],"wp:attachment":[{"href":"https:\/\/lotosleasing.com\/it\/wp-json\/wp\/v2\/media?parent=667"}],"curies":[{"name":"wp","href":"https:\/\/api.w.org\/{rel}","templated":true}]}}