{"id":344,"date":"2025-06-30T13:26:50","date_gmt":"2025-06-30T13:26:50","guid":{"rendered":"https:\/\/lotosleasing.com\/terms-and-conditions-2\/"},"modified":"2025-06-30T13:26:53","modified_gmt":"2025-06-30T13:26:53","slug":"terms-and-conditions-2","status":"publish","type":"page","link":"https:\/\/lotosleasing.com\/it\/terms-and-conditions-2\/","title":{"rendered":"Termini e condizioni"},"content":{"rendered":"<div data-elementor-type=\"wp-page\" data-elementor-id=\"344\" class=\"elementor elementor-344\">\n\t\t\t\t<div class=\"elementor-element elementor-element-uf56zldh twbb_section e-con-boxed e-flex e-con e-parent\" data-id=\"uf56zldh\" data-element_type=\"container\">\n\t\t\t\t\t<div class=\"e-con-inner\">\n\t\t\t\t<div class=\"elementor-element elementor-element-ommb3tuj elementor-widget__width-initial elementor-widget-mobile__width-inherit elementor-widget-tablet__width-initial elementor-invisible elementor-widget elementor-widget-heading\" data-id=\"ommb3tuj\" data-element_type=\"widget\" data-settings=\"{&quot;_animation&quot;:&quot;fadeInUp&quot;}\" data-widget_type=\"heading.default\">\n\t\t\t\t<div class=\"elementor-widget-container\">\n\t\t\t\t\t<h1 class=\"elementor-heading-title elementor-size-default\">Termini e condizioni<\/h1>\t\t\t\t<\/div>\n\t\t\t\t<\/div>\n\t\t\t\t\t<\/div>\n\t\t\t\t<\/div>\n\t\t<div class=\"elementor-element elementor-element-2iz7pmco twbb_section e-con-boxed e-flex e-con e-parent\" data-id=\"2iz7pmco\" data-element_type=\"container\">\n\t\t\t\t\t<div class=\"e-con-inner\">\n\t\t\t\t<div class=\"elementor-element elementor-element-rbrcp9y7 elementor-widget__width-initial elementor-widget-mobile__width-inherit elementor-widget-tablet__width-initial elementor-invisible elementor-widget elementor-widget-text-editor\" data-id=\"rbrcp9y7\" data-element_type=\"widget\" data-settings=\"{&quot;_animation&quot;:&quot;fadeInUp&quot;}\" data-widget_type=\"text-editor.default\">\n\t\t\t\t<div class=\"elementor-widget-container\">\n\t\t\t\t\t\t\t\t\t<p><b>Termini e condizioni di Lotos Leasing JSC<\/b><\/p>\n\n<p><b>1. Accettazione dei termini<\/b><\/p>\n<p>Accedendo o utilizzando qualsiasi parte del sito web di Lotos Leasing JSC, l'utente accetta di essere vincolato dai presenti Termini e condizioni. Se non si accettano questi termini, si prega di non utilizzare il nostro sito web o i nostri servizi.<\/p>\n\n<p><b>2. Servizi offerti<\/b><\/p>\n<p>Lotos Leasing JSC fornisce servizi di leasing per le societ\u00e0 petrolifere e del gas che operano nella zona artica russa.  I nostri servizi comprendono, a titolo esemplificativo, il leasing di attrezzature, il finanziamento di attivit\u00e0 e le opportunit\u00e0 di investimento, compresi gli investimenti in criptovalute.<\/p>\n\n<p><b>3. Utilizzo del sito web<\/b><\/p>\n<p>L'utente accetta di utilizzare il sito web solo per scopi leciti e in conformit\u00e0 ai presenti Termini e condizioni.  \u00c8 vietato intraprendere qualsiasi attivit\u00e0 che possa danneggiare, disabilitare, sovraccaricare o compromettere il sito web o le sue funzionalit\u00e0.<\/p>\n\n<p><b>4. Propriet\u00e0 intellettuale<\/b><\/p>\n<p>Tutti i contenuti del sito web di Lotos Leasing JSC, compresi testi, grafici, loghi e marchi, sono di propriet\u00e0 di Lotos Leasing JSC o dei suoi licenziatari.  Non \u00e8 consentito riprodurre, distribuire o modificare alcun contenuto senza previa autorizzazione scritta.<\/p>\n\n<p><b>5. Limitazione di responsabilit\u00e0<\/b><\/p>\n<p>Lotos Leasing JSC non sar\u00e0 responsabile per eventuali danni derivanti dall'uso del sito web o dei nostri servizi.  Ci\u00f2 include, ma non si limita a, danni indiretti, incidentali, consequenziali o speciali.<\/p>\n\n<p><b>6. Legge applicabile<\/b><\/p>\n<p>I presenti Termini e condizioni sono disciplinati e interpretati in conformit\u00e0 alle leggi della Federazione Russa.<\/p>\n\n<p><b>7. Modifiche ai termini<\/b><\/p>\n<p>Lotos Leasing JSC si riserva il diritto di modificare i presenti Termini e condizioni in qualsiasi momento.  I termini aggiornati saranno pubblicati su questa pagina.<\/p>\n\n<p><b>8. Contatti<\/b><\/p>\n<p>In caso di domande o dubbi relativi ai presenti Termini e condizioni, si prega di contattarci all'indirizzo <a href=\"mailto:info@lotosleasing.com\">info@lotosleasing.com<\/a>.<\/p>\t\t\t\t\t\t\t\t<\/div>\n\t\t\t\t<\/div>\n\t\t\t\t\t<\/div>\n\t\t\t\t<\/div>\n\t\t\t\t<\/div>","protected":false},"excerpt":{"rendered":"","protected":false},"author":0,"featured_media":0,"parent":0,"menu_order":0,"comment_status":"closed","ping_status":"publish","template":"","meta":{"_acf_changed":false,"two_page_speed":[],"footnotes":""},"class_list":["post-344","page","type-page","status-publish","hentry"],"acf":[],"_links":{"self":[{"href":"https:\/\/lotosleasing.com\/it\/wp-json\/wp\/v2\/pages\/344","targetHints":{"allow":["GET"]}}],"collection":[{"href":"https:\/\/lotosleasing.com\/it\/wp-json\/wp\/v2\/pages"}],"about":[{"href":"https:\/\/lotosleasing.com\/it\/wp-json\/wp\/v2\/types\/page"}],"replies":[{"embeddable":true,"href":"https:\/\/lotosleasing.com\/it\/wp-json\/wp\/v2\/comments?post=344"}],"version-history":[{"count":0,"href":"https:\/\/lotosleasing.com\/it\/wp-json\/wp\/v2\/pages\/344\/revisions"}],"wp:attachment":[{"href":"https:\/\/lotosleasing.com\/it\/wp-json\/wp\/v2\/media?parent=344"}],"curies":[{"name":"wp","href":"https:\/\/api.w.org\/{rel}","templated":true}]}}